{"id":83,"date":"2020-12-26T18:25:53","date_gmt":"2020-12-26T17:25:53","guid":{"rendered":"http:\/\/www.sabrinacenergie.com\/?page_id=83"},"modified":"2020-12-29T15:35:03","modified_gmt":"2020-12-29T14:35:03","slug":"mentions-legales","status":"publish","type":"page","link":"https:\/\/www.sabrinacenergie.com\/index.php\/mentions-legales\/","title":{"rendered":"Mentions l\u00e9gales"},"content":{"rendered":"\n<p>SABRINA CENERGIE<\/p>\n\n\n\n<p>10 rue Apollinaire 69330 MEYZIEU france<\/p>\n\n\n\n<p>Labels et certifications : Le site www.SABRINACENERGIE.com est la propri\u00e9t\u00e9 de SABRINACENERGIE que vous pouvez contacter SABRINACENERGIE@gmail.com<\/p>\n\n\n\n<p>Le d\u00e9veloppement, la charte graphique, les photographies ainsi que l&rsquo;\u00e9ditorial du site www.SABRINACENERGIE.com ont \u00e9t\u00e9 r\u00e9alis\u00e9s par SABRINACENERGIE. Les prestations sont propos\u00e9es dans le cadre du portage salarial dans les domaines des nouvelles technologies. H\u00e9berg\u00e9 par amen Le site ww.SABRINACENERGIE.com est compatible avec plus de 40 navigateurs et a \u00e9t\u00e9 d\u00e9velopp\u00e9 dans un souci d&rsquo;accessibilit\u00e9. La configuration minimum recommand\u00e9e pour acc\u00e9der au site dans les meilleures conditions est : * \u00c9cran : R\u00e9solution 800 x 600 minimum * Navigateurs : Microsoft Internet Explorer 7 et +, Mozilla Firefox 3 et +, Apple Safari 2 et +, Chrome.<\/p>\n\n\n\n<p>L&rsquo;utilisateur du site www.SABRINACENERGIE.com reconna\u00eet avoir v\u00e9rifi\u00e9 que sa configuration informatique ne contient aucun virus et qu&rsquo;elle est en parfait \u00e9tat de fonctionnement. L&rsquo;utilisateur reconna\u00eet \u00e9galement avoir pris connaissance de la pr\u00e9sente notice morale et s&rsquo;engage \u00e0 la respecter. L&rsquo;utilisateur reconna\u00eet avoir \u00e9t\u00e9 inform\u00e9 que le site www.SABRINACENERGIE.com est accessible 24h\/24 et 7 jours\/7, \u00e0 l&rsquo;exception des cas de force majeure, difficult\u00e9s informatiques, difficult\u00e9s li\u00e9es aux r\u00e9seaux de t\u00e9l\u00e9communications ou difficult\u00e9s techniques. SABRINACENERGIE ne saurait \u00eatre tenu pour responsable des dommages directs ou indirects qui pourraient r\u00e9sulter de l&rsquo;acc\u00e8s ou de l&rsquo;utilisation du site, y compris l&rsquo;inaccessibilit\u00e9, les pertes de donn\u00e9es, d\u00e9t\u00e9riorations, destructions ou virus qui pourraient affecter l&rsquo;\u00e9quipement informatique de l&rsquo;utilisateur, et\/ou de la pr\u00e9sence de virus sur son site. L&rsquo;utilisateur d\u00e9clare que le co\u00fbt de l&rsquo;acc\u00e8s et de la navigation sur le site www.SABRINACENERGIE.com est \u00e0 sa charge exclusive. Dans l&rsquo;hypoth\u00e8se o\u00f9 l&rsquo;utilisateur acc\u00e8derait au site www.SABRINACENERGIE.com \u00e0 partir d&rsquo;un autre Etat que la France ; il s&rsquo;engage \u00e0 s&rsquo;assurer \u00e9galement du respect de la l\u00e9gislation localement applicable.<\/p>\n\n\n\n<p>Les informations fournies sur www.SABRINACENERGIE.com le sont \u00e0 titre informatif. L&rsquo;utilisateur est notamment inform\u00e9 que les informations personnelles que les utilisateurs peuvent \u00eatre amen\u00e9s \u00e0 fournir, le sont sur une base volontaire et ne seront en aucun cas communiqu\u00e9es \u00e0 des tiers. R\u00e8gles de confidentialit\u00e9 Google et le cookie DoubleClick DART : * En tant que prestataire tiers, Google utilise des cookies pour diffuser des annonces sur le site. * Gr\u00e2ce au cookie DART, Google adapte les annonces diffus\u00e9es aux utilisateurs en fonction de leur navigation sur le site Web ou d&rsquo;autres sites. * Les utilisateurs peuvent d\u00e9sactiver l&rsquo;utilisation du cookie DART en se rendant sur la page des r\u00e8gles de confidentialit\u00e9 s&rsquo;appliquant au r\u00e9seau de contenu et aux annonces Google.<\/p>\n\n\n\n<p>Les utilisateurs du site www.SABRINACENERGIE.com sont notamment tenus de respecter les dispositions de la loi du 6 janvier 1978 relative \u00e0 l&rsquo;Informatique, aux fichiers et aux libert\u00e9s, dont la violation est passible de sanctions p\u00e9nales. Ils doivent \u00e9galement s&rsquo;abstenir, s&rsquo;agissant des donn\u00e9es personnelles auxquelles ils acc\u00e8dent, de toute collecte, de toute utilisation d\u00e9tourn\u00e9e, et d&rsquo;une mani\u00e8re g\u00e9n\u00e9rale, de tout acte susceptible de porter atteinte \u00e0 la vie priv\u00e9e ou \u00e0 la r\u00e9putation des personnes.<\/p>\n\n\n\n<p>Toutes les informations ou documents contenus dans le site www.SABRINACENERGIE.com ainsi que tous les \u00e9l\u00e9ments cr\u00e9\u00e9s pour le site sont soit la propri\u00e9t\u00e9 de SABRINACENERGIE soit font l&rsquo;objet d&rsquo;un droit d&rsquo;utilisation, d&rsquo;exploitation et de reproduction. Ces \u00e9l\u00e9ments sont soumis \u00e0 la l\u00e9gislation prot\u00e9geant le droit d&rsquo;auteur. Par cons\u00e9quent, aucune licence, ni aucun autre droit sauf celui de consulter les informations, n&rsquo;est conf\u00e9r\u00e9 \u00e0 quiconque au regard des droits de la propri\u00e9t\u00e9 intellectuelle. Toute reproduction, repr\u00e9sentation, modification, publication, transmission, d\u00e9naturation, totale ou partielle du site ou de son contenu, par quelque proc\u00e9d\u00e9 que ce soit, et sur quelque support que ce soit est interdite.<\/p>\n\n\n\n<p>Toute exploitation non autoris\u00e9e du site ou de son contenu, des informations qui y sont divulgu\u00e9es engagerait la responsabilit\u00e9 de l&rsquo;utilisateur et constituerait une contrefa\u00e7on sanctionn\u00e9e par les articles L 335-2 et suivants du Code de la Propri\u00e9t\u00e9 Intellectuelle. Toute reproduction ou repr\u00e9sentation totale ou partielle des marques ou des logos, seules ou int\u00e9gr\u00e9es \u00e0 d&rsquo;autres \u00e9l\u00e9ments, sans l&rsquo;autorisation expresse et pr\u00e9alable de SABRINACENERGIE est prohib\u00e9e, et engagerait la responsabilit\u00e9 de l&rsquo;utilisateur au sens des articles L 713-2 et L 713-3 du Code de la Propri\u00e9t\u00e9 Intellectuelle.<\/p>\n\n\n\n<p>L&rsquo;utilisateur s&rsquo;engage, sous peine de voir sa responsabilit\u00e9 civile et\/ou p\u00e9nale engag\u00e9e, \u00e0 ne pas utiliser le site www.SABRINACENERGIE.com pour transmettre par quelque proc\u00e9d\u00e9 que ce soit (courriel ou autres), tout contenu incluant des programmes, des codes, des virus&#8230; destin\u00e9s \u00e0 d\u00e9truire ou limiter les fonctionnalit\u00e9s du site www.SABRINACENERGIE.com SABRINACENERGIE se r\u00e9serve la facult\u00e9, dans le cadre de ses droits, de supprimer imm\u00e9diatement et sans mise en demeure pr\u00e9alable, tout contenu de quelque nature que ce soit, et notamment tout message, texte, image, graphique&#8230; qui contreviendrait aux lois et r\u00e8glements en vigueur et notamment les r\u00e9glementations d\u00e9crites ci-dessus.<\/p>\n\n\n\n<p>Dans l&rsquo;hypoth\u00e8se o\u00f9 un utilisateur souhaiterait utiliser un des contenus du site (texte, image&#8230;), il s&rsquo;engage \u00e0 requ\u00e9rir l&rsquo;autorisation pr\u00e9alable et \u00e9crite de SABRINACENERGIE en envoyant un message \u00e0 www.SABRINACENERGIE.com en envoyant un mail \u00e0 : SABRINACENERGIE@free.com www.SABRINACENERGIE.com se r\u00e9serve le droit de modifier la pr\u00e9sente notice \u00e0 tout moment. Le droit applicable est le droit fran\u00e7ais. L&rsquo;utilisateur s&rsquo;engage donc \u00e0 la consulter r\u00e9guli\u00e8rement.<\/p>\n","protected":false},"excerpt":{"rendered":"<p>SABRINA CENERGIE 10 rue Apollinaire 69330 MEYZIEU france Labels et certifications : Le site www.SABRINACENERGIE.com est la propri\u00e9t\u00e9 de SABRINACENERGIE que vous pouvez contacter SABRINACENERGIE@gmail.com Le d\u00e9veloppement, la charte graphique, les photographies ainsi que l&rsquo;\u00e9ditorial du site www.SABRINACENERGIE.com ont \u00e9t\u00e9 r\u00e9alis\u00e9s par SABRINACENERGIE. Les prestations sont propos\u00e9es dans le cadre du portage salarial dans les &hellip; <\/p>\n","protected":false},"author":1,"featured_media":0,"parent":0,"menu_order":0,"comment_status":"closed","ping_status":"closed","template":"","meta":[],"yoast_head":"<!-- This site is optimized with the Yoast SEO plugin v15.9 - https:\/\/yoast.com\/wordpress\/plugins\/seo\/ -->\n<title>Mentions l\u00e9gales - Sabrina Cenergie<\/title>\n<meta name=\"robots\" content=\"index, follow, max-snippet:-1, max-image-preview:large, max-video-preview:-1\" \/>\n<link rel=\"canonical\" href=\"https:\/\/www.sabrinacenergie.com\/index.php\/mentions-legales\/\" \/>\n<meta property=\"og:locale\" content=\"fr_FR\" \/>\n<meta property=\"og:type\" content=\"article\" \/>\n<meta property=\"og:title\" content=\"Mentions l\u00e9gales - Sabrina Cenergie\" \/>\n<meta property=\"og:description\" content=\"SABRINA CENERGIE 10 rue Apollinaire 69330 MEYZIEU france Labels et certifications : Le site www.SABRINACENERGIE.com est la propri\u00e9t\u00e9 de SABRINACENERGIE que vous pouvez contacter SABRINACENERGIE@gmail.com Le d\u00e9veloppement, la charte graphique, les photographies ainsi que l&rsquo;\u00e9ditorial du site www.SABRINACENERGIE.com ont \u00e9t\u00e9 r\u00e9alis\u00e9s par SABRINACENERGIE. Les prestations sont propos\u00e9es dans le cadre du portage salarial dans les &hellip;\" \/>\n<meta property=\"og:url\" content=\"https:\/\/www.sabrinacenergie.com\/index.php\/mentions-legales\/\" \/>\n<meta property=\"og:site_name\" content=\"Sabrina Cenergie\" \/>\n<meta property=\"article:modified_time\" content=\"2020-12-29T14:35:03+00:00\" \/>\n<meta name=\"twitter:card\" content=\"summary_large_image\" \/>\n<meta name=\"twitter:label1\" content=\"Dur\u00e9e de lecture est.\">\n\t<meta name=\"twitter:data1\" content=\"5 minutes\">\n<script type=\"application\/ld+json\" class=\"yoast-schema-graph\">{\"@context\":\"https:\/\/schema.org\",\"@graph\":[{\"@type\":\"WebSite\",\"@id\":\"https:\/\/www.sabrinacenergie.com\/#website\",\"url\":\"https:\/\/www.sabrinacenergie.com\/\",\"name\":\"Sabrina Cenergie\",\"description\":\"UNE SYNERGIE AU  SERVICE DE VOTRE SANT\\u00c9\",\"potentialAction\":[{\"@type\":\"SearchAction\",\"target\":\"https:\/\/www.sabrinacenergie.com\/?s={search_term_string}\",\"query-input\":\"required name=search_term_string\"}],\"inLanguage\":\"fr-FR\"},{\"@type\":\"WebPage\",\"@id\":\"https:\/\/www.sabrinacenergie.com\/index.php\/mentions-legales\/#webpage\",\"url\":\"https:\/\/www.sabrinacenergie.com\/index.php\/mentions-legales\/\",\"name\":\"Mentions l\\u00e9gales - Sabrina Cenergie\",\"isPartOf\":{\"@id\":\"https:\/\/www.sabrinacenergie.com\/#website\"},\"datePublished\":\"2020-12-26T17:25:53+00:00\",\"dateModified\":\"2020-12-29T14:35:03+00:00\",\"breadcrumb\":{\"@id\":\"https:\/\/www.sabrinacenergie.com\/index.php\/mentions-legales\/#breadcrumb\"},\"inLanguage\":\"fr-FR\",\"potentialAction\":[{\"@type\":\"ReadAction\",\"target\":[\"https:\/\/www.sabrinacenergie.com\/index.php\/mentions-legales\/\"]}]},{\"@type\":\"BreadcrumbList\",\"@id\":\"https:\/\/www.sabrinacenergie.com\/index.php\/mentions-legales\/#breadcrumb\",\"itemListElement\":[{\"@type\":\"ListItem\",\"position\":1,\"item\":{\"@type\":\"WebPage\",\"@id\":\"https:\/\/www.sabrinacenergie.com\/\",\"url\":\"https:\/\/www.sabrinacenergie.com\/\",\"name\":\"Accueil\"}},{\"@type\":\"ListItem\",\"position\":2,\"item\":{\"@type\":\"WebPage\",\"@id\":\"https:\/\/www.sabrinacenergie.com\/index.php\/mentions-legales\/\",\"url\":\"https:\/\/www.sabrinacenergie.com\/index.php\/mentions-legales\/\",\"name\":\"Mentions l\\u00e9gales\"}}]}]}<\/script>\n<!-- \/ Yoast SEO plugin. -->","_links":{"self":[{"href":"https:\/\/www.sabrinacenergie.com\/index.php\/wp-json\/wp\/v2\/pages\/83"}],"collection":[{"href":"https:\/\/www.sabrinacenergie.com\/index.php\/wp-json\/wp\/v2\/pages"}],"about":[{"href":"https:\/\/www.sabrinacenergie.com\/index.php\/wp-json\/wp\/v2\/types\/page"}],"author":[{"embeddable":true,"href":"https:\/\/www.sabrinacenergie.com\/index.php\/wp-json\/wp\/v2\/users\/1"}],"replies":[{"embeddable":true,"href":"https:\/\/www.sabrinacenergie.com\/index.php\/wp-json\/wp\/v2\/comments?post=83"}],"version-history":[{"count":2,"href":"https:\/\/www.sabrinacenergie.com\/index.php\/wp-json\/wp\/v2\/pages\/83\/revisions"}],"predecessor-version":[{"id":125,"href":"https:\/\/www.sabrinacenergie.com\/index.php\/wp-json\/wp\/v2\/pages\/83\/revisions\/125"}],"wp:attachment":[{"href":"https:\/\/www.sabrinacenergie.com\/index.php\/wp-json\/wp\/v2\/media?parent=83"}],"curies":[{"name":"wp","href":"https:\/\/api.w.org\/{rel}","templated":true}]}}