{"id":75,"date":"2020-12-26T18:15:48","date_gmt":"2020-12-26T17:15:48","guid":{"rendered":"http:\/\/www.sabrinacenergie.com\/?page_id=75"},"modified":"2020-12-26T18:15:48","modified_gmt":"2020-12-26T17:15:48","slug":"mes-poemes","status":"publish","type":"page","link":"https:\/\/www.sabrinacenergie.com\/index.php\/mes-poemes\/","title":{"rendered":"Mes Po\u00e8mes"},"content":{"rendered":"\n<h2 id=\"h.y01l5cljctof\">Tr\u00e9sor<\/h2>\n\n\n\n<p>En nous sommeillent des merveilles<\/p>\n\n\n\n<p>mais nos obligations un peu vieilles<\/p>\n\n\n\n<p>emp\u00eachent que l&rsquo;on s&rsquo;\u00e9merveille<\/p>\n\n\n\n<p>Notre \u00e2me est en veille<\/p>\n\n\n\n<p>Et attend qu&rsquo;on la r\u00e9veille<\/p>\n\n\n\n<p>Notre corps en d\u00e9tresse<\/p>\n\n\n\n<p>est empli de tristesse<\/p>\n\n\n\n<p>Et un jour s&rsquo;en va tout ce stress<\/p>\n\n\n\n<p>Et un jour s&rsquo;installe notre sagesse<\/p>\n\n\n\n<h2 id=\"h.nixycli0inxq\">O toi Hypersensible<\/h2>\n\n\n\n<p>Tu te dis nuisible<\/p>\n\n\n\n<p>Pour ton entourage<\/p>\n\n\n\n<p>Quel dommage!<\/p>\n\n\n\n<p>Tu souffres en silence<\/p>\n\n\n\n<p>Tu \u00e9touffes ton \u00e9l\u00e9gance<\/p>\n\n\n\n<p>Tant d&rsquo;ann\u00e9es \u00e0 penser<\/p>\n\n\n\n<p>Que tu \u00e9tais mal aim\u00e9e<\/p>\n\n\n\n<p>Ton mental s&#8217;emballe<\/p>\n\n\n\n<p>Ton coeur a mal<\/p>\n\n\n\n<p>Quand l&rsquo;injustice s&rsquo;\u00e9tale<\/p>\n\n\n\n<p>O toi guerri\u00e8re<\/p>\n\n\n\n<p>Tu te dis Lumi\u00e8re<\/p>\n\n\n\n<p>Pour ton entourage<\/p>\n\n\n\n<p>Quel hommage!<\/p>\n\n\n\n<h2 id=\"h.ftwcxbjffazb\">Encens virevoltant<\/h2>\n\n\n\n<p>Dans cette chambre d&rsquo;enfant<\/p>\n\n\n\n<p>Mes deux mains en avant<\/p>\n\n\n\n<p>Je re\u00e7ois en dedans<\/p>\n\n\n\n<p>Toute l&rsquo;\u00e9nergie me permettant<\/p>\n\n\n\n<p>Avec la permission du Tout Puissant<\/p>\n\n\n\n<p>d&rsquo;apaiser ton corps bless\u00e9<\/p>\n\n\n\n<p>Expirant et chuintant<\/p>\n\n\n\n<p>C&rsquo;est ainsi que tu gu\u00e9ris<\/p>\n\n\n\n<h2 id=\"h.ehqdu653przx\">Petit<\/h2>\n\n\n\n<p>tu grandis<\/p>\n\n\n\n<p>tu re\u00e7ois un choc<\/p>\n\n\n\n<p>et puis<\/p>\n\n\n\n<p>tu bloques<\/p>\n\n\n\n<p>ton esprit<\/p>\n\n\n\n<p>et puis<\/p>\n\n\n\n<p>se poursuit<\/p>\n\n\n\n<p>une maladie, une pathologie &#8230;<\/p>\n\n\n\n<p>mon destin croise le tien,<\/p>\n\n\n\n<p>et puis<\/p>\n\n\n\n<p>par mes mains<\/p>\n\n\n\n<p>gr\u00e2ce au divin<\/p>\n\n\n\n<p>serein<\/p>\n\n\n\n<p>tu poursuis ton chemin<\/p>\n\n\n\n<p>Sant\u00e9, gaiet\u00e9<\/p>\n\n\n\n<p>Mission assur\u00e9e<\/p>\n\n\n\n<h2 id=\"h.y8g53iy80x9j\">Tu as de plus en plus mal<\/h2>\n\n\n\n<p>Tout va bien<\/p>\n\n\n\n<p>Dit ton service m\u00e9dical<\/p>\n\n\n\n<p>Il n&rsquo;y a rien<\/p>\n\n\n\n<p>Mais tu as encore mal<\/p>\n\n\n\n<p>Ce n&rsquo;est pas normal<\/p>\n\n\n\n<p>\u00c9coute ta voix<\/p>\n\n\n\n<p>Gueris-toi<\/p>\n\n\n\n<p>Par ta foi<\/p>\n\n\n\n<p>Par ton amour illimit\u00e9<\/p>\n\n\n\n<p>Ta douleur s&rsquo;est envol\u00e9e&#8230;<\/p>\n","protected":false},"excerpt":{"rendered":"<p>Tr\u00e9sor En nous sommeillent des merveilles mais nos obligations un peu vieilles emp\u00eachent que l&rsquo;on s&rsquo;\u00e9merveille Notre \u00e2me est en veille Et attend qu&rsquo;on la r\u00e9veille Notre corps en d\u00e9tresse est empli de tristesse Et un jour s&rsquo;en va tout ce stress Et un jour s&rsquo;installe notre sagesse O toi Hypersensible Tu te dis nuisible &hellip; <\/p>\n","protected":false},"author":1,"featured_media":0,"parent":0,"menu_order":0,"comment_status":"closed","ping_status":"closed","template":"","meta":[],"yoast_head":"<!-- This site is optimized with the Yoast SEO plugin v15.9 - https:\/\/yoast.com\/wordpress\/plugins\/seo\/ -->\n<title>Mes Po\u00e8mes - Sabrina Cenergie<\/title>\n<meta name=\"robots\" content=\"index, follow, max-snippet:-1, max-image-preview:large, max-video-preview:-1\" \/>\n<link rel=\"canonical\" href=\"https:\/\/www.sabrinacenergie.com\/index.php\/mes-poemes\/\" \/>\n<meta property=\"og:locale\" content=\"fr_FR\" \/>\n<meta property=\"og:type\" content=\"article\" \/>\n<meta property=\"og:title\" content=\"Mes Po\u00e8mes - Sabrina Cenergie\" \/>\n<meta property=\"og:description\" content=\"Tr\u00e9sor En nous sommeillent des merveilles mais nos obligations un peu vieilles emp\u00eachent que l&rsquo;on s&rsquo;\u00e9merveille Notre \u00e2me est en veille Et attend qu&rsquo;on la r\u00e9veille Notre corps en d\u00e9tresse est empli de tristesse Et un jour s&rsquo;en va tout ce stress Et un jour s&rsquo;installe notre sagesse O toi Hypersensible Tu te dis nuisible &hellip;\" \/>\n<meta property=\"og:url\" content=\"https:\/\/www.sabrinacenergie.com\/index.php\/mes-poemes\/\" \/>\n<meta property=\"og:site_name\" content=\"Sabrina Cenergie\" \/>\n<meta name=\"twitter:card\" content=\"summary_large_image\" \/>\n<meta name=\"twitter:label1\" content=\"Dur\u00e9e de lecture est.\">\n\t<meta name=\"twitter:data1\" content=\"1 minute\">\n<script type=\"application\/ld+json\" class=\"yoast-schema-graph\">{\"@context\":\"https:\/\/schema.org\",\"@graph\":[{\"@type\":\"WebSite\",\"@id\":\"https:\/\/www.sabrinacenergie.com\/#website\",\"url\":\"https:\/\/www.sabrinacenergie.com\/\",\"name\":\"Sabrina Cenergie\",\"description\":\"UNE SYNERGIE AU  SERVICE DE VOTRE SANT\\u00c9\",\"potentialAction\":[{\"@type\":\"SearchAction\",\"target\":\"https:\/\/www.sabrinacenergie.com\/?s={search_term_string}\",\"query-input\":\"required name=search_term_string\"}],\"inLanguage\":\"fr-FR\"},{\"@type\":\"WebPage\",\"@id\":\"https:\/\/www.sabrinacenergie.com\/index.php\/mes-poemes\/#webpage\",\"url\":\"https:\/\/www.sabrinacenergie.com\/index.php\/mes-poemes\/\",\"name\":\"Mes Po\\u00e8mes - Sabrina Cenergie\",\"isPartOf\":{\"@id\":\"https:\/\/www.sabrinacenergie.com\/#website\"},\"datePublished\":\"2020-12-26T17:15:48+00:00\",\"dateModified\":\"2020-12-26T17:15:48+00:00\",\"breadcrumb\":{\"@id\":\"https:\/\/www.sabrinacenergie.com\/index.php\/mes-poemes\/#breadcrumb\"},\"inLanguage\":\"fr-FR\",\"potentialAction\":[{\"@type\":\"ReadAction\",\"target\":[\"https:\/\/www.sabrinacenergie.com\/index.php\/mes-poemes\/\"]}]},{\"@type\":\"BreadcrumbList\",\"@id\":\"https:\/\/www.sabrinacenergie.com\/index.php\/mes-poemes\/#breadcrumb\",\"itemListElement\":[{\"@type\":\"ListItem\",\"position\":1,\"item\":{\"@type\":\"WebPage\",\"@id\":\"https:\/\/www.sabrinacenergie.com\/\",\"url\":\"https:\/\/www.sabrinacenergie.com\/\",\"name\":\"Accueil\"}},{\"@type\":\"ListItem\",\"position\":2,\"item\":{\"@type\":\"WebPage\",\"@id\":\"https:\/\/www.sabrinacenergie.com\/index.php\/mes-poemes\/\",\"url\":\"https:\/\/www.sabrinacenergie.com\/index.php\/mes-poemes\/\",\"name\":\"Mes Po\\u00e8mes\"}}]}]}<\/script>\n<!-- \/ Yoast SEO plugin. -->","_links":{"self":[{"href":"https:\/\/www.sabrinacenergie.com\/index.php\/wp-json\/wp\/v2\/pages\/75"}],"collection":[{"href":"https:\/\/www.sabrinacenergie.com\/index.php\/wp-json\/wp\/v2\/pages"}],"about":[{"href":"https:\/\/www.sabrinacenergie.com\/index.php\/wp-json\/wp\/v2\/types\/page"}],"author":[{"embeddable":true,"href":"https:\/\/www.sabrinacenergie.com\/index.php\/wp-json\/wp\/v2\/users\/1"}],"replies":[{"embeddable":true,"href":"https:\/\/www.sabrinacenergie.com\/index.php\/wp-json\/wp\/v2\/comments?post=75"}],"version-history":[{"count":1,"href":"https:\/\/www.sabrinacenergie.com\/index.php\/wp-json\/wp\/v2\/pages\/75\/revisions"}],"predecessor-version":[{"id":77,"href":"https:\/\/www.sabrinacenergie.com\/index.php\/wp-json\/wp\/v2\/pages\/75\/revisions\/77"}],"wp:attachment":[{"href":"https:\/\/www.sabrinacenergie.com\/index.php\/wp-json\/wp\/v2\/media?parent=75"}],"curies":[{"name":"wp","href":"https:\/\/api.w.org\/{rel}","templated":true}]}}