{"id":541,"date":"2021-10-11T14:08:49","date_gmt":"2021-10-11T12:08:49","guid":{"rendered":"http:\/\/www.sabrinacenergie.com\/?page_id=541"},"modified":"2025-12-30T17:37:21","modified_gmt":"2025-12-30T16:37:21","slug":"je-suis-hypersensible-mais-pas-que-je-suis-un-haut-potentiel","status":"publish","type":"page","link":"https:\/\/www.sabrinacenergie.com\/index.php\/je-suis-hypersensible-mais-pas-que-je-suis-un-haut-potentiel\/","title":{"rendered":"Je suis hypersensible mais pas que..je suis un Haut Potentiel&#8230;"},"content":{"rendered":"\t\t<div data-elementor-type=\"wp-page\" data-elementor-id=\"541\" class=\"elementor elementor-541\" data-elementor-settings=\"[]\">\n\t\t\t\t\t\t<div class=\"elementor-inner\">\n\t\t\t\t\t\t\t<div class=\"elementor-section-wrap\">\n\t\t\t\t\t\t\t<section class=\"elementor-section elementor-top-section elementor-element elementor-element-6f3ea992 elementor-section-boxed elementor-section-height-default elementor-section-height-default\" data-id=\"6f3ea992\" data-element_type=\"section\">\n\t\t\t\t\t\t<div class=\"elementor-container elementor-column-gap-default\">\n\t\t\t\t\t\t\t<div class=\"elementor-row\">\n\t\t\t\t\t<div class=\"elementor-column elementor-col-100 elementor-top-column elementor-element elementor-element-1f917a2b\" data-id=\"1f917a2b\" data-element_type=\"column\">\n\t\t\t<div class=\"elementor-column-wrap elementor-element-populated\">\n\t\t\t\t\t\t\t<div class=\"elementor-widget-wrap\">\n\t\t\t\t\t\t<div class=\"elementor-element elementor-element-3a41bd14 elementor-widget elementor-widget-text-editor\" data-id=\"3a41bd14\" data-element_type=\"widget\" data-widget_type=\"text-editor.default\">\n\t\t\t\t<div class=\"elementor-widget-container\">\n\t\t\t\t\t<div class=\"elementor-text-editor elementor-clearfix\"><p><!-- wp:paragraph --><\/p>\n<p>Lorsque je reconnais mon hypersensibilit\u00e9, je prends conscience de mon plein potentiel.<\/p>\n<p><!-- \/wp:paragraph --><\/p>\n<p><!-- wp:heading {\"textAlign\":\"left\"} --><\/p>\n<h2>JE RECONNAIS QUE JE SUIS HYPERSENSIBLE<\/h2>\n<p><!-- \/wp:heading --><\/p>\n<p><!-- wp:heading {\"textAlign\":\"left\"} --><\/p>\n<h2>J\u2019ai appris que j&rsquo;\u00e9tais hypersensible \u00e0 l\u2019\u00e2ge de 40 ans. Sensiblement au m\u00eame moment, j\u2019apprenais par le biais de th\u00e9rapeutes que mes enfants \u00e9taient eux aussi hypersensibles.<\/h2>\n<p><!-- \/wp:heading --><\/p>\n<p><!-- wp:paragraph --><\/p>\n<p>Cette prise de conscience me permet&nbsp; de comprendre mes r\u00e9actions souvent jug\u00e9es excessives mais aussi les r\u00e9actions de mes enfants. J&rsquo;apprends \u00e0 mieux me comprendre et par la suite \u00e0 mieux comprendre les autres.<\/p>\n<p><!-- \/wp:paragraph --><\/p>\n<p><!-- wp:paragraph --><\/p>\n<p>La compr\u00e9hension me guide vers l\u2019indulgence envers moi-m\u00eame, le pardon et l\u2019amour envers moi-m\u00eame.<\/p>\n<p><!-- \/wp:paragraph --><\/p>\n<p><!-- wp:paragraph --><\/p>\n<p>J\u2019entends mes propres mots tellement s\u00e9v\u00e8res \u00e0 mon \u00e9gard et \u00e0 l\u2019\u00e9gard de l\u2019autre. Je r\u00e9alise \u00e0 quel point je me suis fait du mal.<\/p>\n<p><!-- \/wp:paragraph --><\/p>\n<p><!-- wp:paragraph --><\/p>\n<p>Les questions restent sans r\u00e9ponse pour ces personnes hypersensibles qui ont pass\u00e9 toute une vie au service de l\u2019autre.<\/p>\n<p><!-- \/wp:paragraph --><\/p>\n<p><!-- wp:paragraph --><\/p>\n<p>Etre \u00e0 la fois l&rsquo;enfant de ses parents, la soeur,&nbsp; l&rsquo;\u00e9pouse, la maman, la coll\u00e8gue p\u00e8se sur l&rsquo;\u00eatre sensible qui ressent l&rsquo;autre de mani\u00e8re exponentielle.&nbsp; De beaux liens dont la part d&rsquo;obscurit\u00e9 nuit fortement \u00e0 l&rsquo;\u00eatre dot\u00e9 de forte sensibilit\u00e9.<\/p>\n<p><!-- \/wp:paragraph --><\/p>\n<p><!-- wp:paragraph --><\/p>\n<p>Ici comme lors de mes th\u00e9rapies, je vous demande de laisser la culpabilit\u00e9 de c\u00f4t\u00e9. L\u2019\u00eatre humain est ainsi, il n\u2019y pas de bien ou de mal, oubliez la vision manich\u00e9enne.&nbsp;<\/p>\n<p><!-- \/wp:paragraph --><\/p>\n<p><!-- wp:heading {\"level\":3} --><\/p>\n<h3>J\u2019ACTIVE MON POTENTIEL<\/h3>\n<p><!-- \/wp:heading --><\/p>\n<p><!-- wp:paragraph --><\/p>\n<p>D\u2019abord il a fallu que je prenne conscience de mon potentiel. Tr\u00e9s franchement, \u00e7a n\u2019a pas \u00e9t\u00e9 simple.&nbsp;<\/p>\n<p>Si vous lisez cette page c\u2019est que vous \u00eates s\u00fbrement hypersensible vous-m\u00eame. Et nous savons que ce n\u00a0\u00bbest pas toujours facile !<\/p>\n<p><!-- \/wp:paragraph --><\/p>\n<p><!-- wp:paragraph --><\/p>\n<p>Moi haut potentielle&nbsp;? Z\u00e8bre&nbsp;? En creusant un peu je me rends bien compte que je me suis toujours sentie diff\u00e9rente.<\/p><p>Je me suis toujours pos\u00e9e des questions existentielles.&nbsp;<\/p><p>J\u2019ai toujours manqu\u00e9&nbsp; de confiance en moi, en d\u00e9calage avec les autres. Et cela, sans compter mes \u00ab\u00a0exc\u00e8s\u00a0\u00bb de col\u00e8re , de rire, de larmes.<\/p>\n<p><!-- \/wp:paragraph --><\/p>\n<p><!-- wp:paragraph --><\/p>\n<p>Les expressions comme : Les nerfs \u00e0 vif, \u00e0 fleur de peau, burn out peut-\u00eatre r\u00e9sonnent en vous?<\/p>\n<p><!-- \/wp:paragraph --><\/p>\n<p><!-- wp:paragraph --><\/p>\n<p>Pour ma part je ne peux que valider : je suis Haut Potentiel Emotionnel.<\/p>\n<p><!-- \/wp:paragraph --><\/p>\n<p><!-- wp:paragraph --><\/p>\n<p>C&rsquo;est vrai que je suis une \u00e9ponge \u00e9motionnelle et que je suis intuitive\u2026<\/p>\n<p><!-- \/wp:paragraph --><\/p>\n<p><!-- wp:paragraph --><\/p>\n<p>Gr\u00e2ce \u00e0 mon don de gu\u00e9risseuse qui arrive peu de temps apr\u00e8s, je comprends que mon potentiel est activ\u00e9, que j\u2019ai activ\u00e9 cette zone endormie et que les neurosciences expliquent parfaitement.<\/p>\n<p><!-- \/wp:paragraph --><\/p>\n<p><!-- wp:paragraph --><\/p>\n<p>Je r\u00e9alise alors que le champ des possibles est infini.&nbsp;<\/p>\n<p><!-- \/wp:paragraph --><\/p>\n<p><!-- wp:paragraph --><\/p>\n<p>Je regarde le chemin que j\u2019ai parcouru, je multiplie les rencontres avec d\u2019autres profils comme le mien.<\/p>\n<p><!-- \/wp:paragraph --><\/p>\n<p><!-- wp:paragraph --><\/p>\n<p>Et puis je me fais de plus en plus confiance et je d\u00e9cide d\u2019accompagner les autres vers leur \u00e9panouissement personnel.<\/p>\n<p><!-- \/wp:paragraph --><\/p>\n<p><!-- wp:paragraph --><\/p>\n<p>Est-ce que mon histoire fait \u00e9cho en toi ?<\/p>\n<p><!-- \/wp:paragraph --><\/p><\/div>\n\t\t\t\t<\/div>\n\t\t\t\t<\/div>\n\t\t\t\t\t\t<\/div>\n\t\t\t\t\t<\/div>\n\t\t<\/div>\n\t\t\t\t\t\t\t\t<\/div>\n\t\t\t\t\t<\/div>\n\t\t<\/section>\n\t\t\t\t\t\t<\/div>\n\t\t\t\t\t\t<\/div>\n\t\t\t\t\t<\/div>\n\t\t","protected":false},"excerpt":{"rendered":"<p>Lorsque je reconnais mon hypersensibilit\u00e9, je prends conscience de mon plein potentiel. JE RECONNAIS QUE JE SUIS HYPERSENSIBLE J\u2019ai appris que j&rsquo;\u00e9tais hypersensible \u00e0 l\u2019\u00e2ge de 40 ans. Sensiblement au m\u00eame moment, j\u2019apprenais par le biais de th\u00e9rapeutes que mes enfants \u00e9taient eux aussi hypersensibles. Cette prise de conscience me permet&nbsp; de comprendre mes r\u00e9actions &hellip; <\/p>\n","protected":false},"author":4,"featured_media":0,"parent":0,"menu_order":0,"comment_status":"closed","ping_status":"closed","template":"","meta":[],"yoast_head":"<!-- This site is optimized with the Yoast SEO plugin v15.9 - https:\/\/yoast.com\/wordpress\/plugins\/seo\/ -->\n<title>sabrinacenergie-je suis hypersensible et haut potentiel - Sabrina Cenergie<\/title>\n<meta name=\"description\" content=\"Je suis hypersensible mais pas que..je suis un Haut Potentiel... hypersensible et haut potentiel peut-\u00eatre?\" \/>\n<meta name=\"robots\" content=\"index, follow, max-snippet:-1, max-image-preview:large, max-video-preview:-1\" \/>\n<link rel=\"canonical\" href=\"https:\/\/www.sabrinacenergie.com\/index.php\/je-suis-hypersensible-mais-pas-que-je-suis-un-haut-potentiel\/\" \/>\n<meta property=\"og:locale\" content=\"fr_FR\" \/>\n<meta property=\"og:type\" content=\"article\" \/>\n<meta property=\"og:title\" content=\"sabrinacenergie-je suis hypersensible et haut potentiel - Sabrina Cenergie\" \/>\n<meta property=\"og:description\" content=\"Je suis hypersensible mais pas que..je suis un Haut Potentiel... hypersensible et haut potentiel peut-\u00eatre?\" \/>\n<meta property=\"og:url\" content=\"https:\/\/www.sabrinacenergie.com\/index.php\/je-suis-hypersensible-mais-pas-que-je-suis-un-haut-potentiel\/\" \/>\n<meta property=\"og:site_name\" content=\"Sabrina Cenergie\" \/>\n<meta property=\"article:modified_time\" content=\"2025-12-30T16:37:21+00:00\" \/>\n<meta name=\"twitter:card\" content=\"summary_large_image\" \/>\n<meta name=\"twitter:label1\" content=\"Dur\u00e9e de lecture est.\">\n\t<meta name=\"twitter:data1\" content=\"2 minutes\">\n<script type=\"application\/ld+json\" class=\"yoast-schema-graph\">{\"@context\":\"https:\/\/schema.org\",\"@graph\":[{\"@type\":\"WebSite\",\"@id\":\"https:\/\/www.sabrinacenergie.com\/#website\",\"url\":\"https:\/\/www.sabrinacenergie.com\/\",\"name\":\"Sabrina Cenergie\",\"description\":\"UNE SYNERGIE AU  SERVICE DE VOTRE SANT\\u00c9\",\"potentialAction\":[{\"@type\":\"SearchAction\",\"target\":\"https:\/\/www.sabrinacenergie.com\/?s={search_term_string}\",\"query-input\":\"required name=search_term_string\"}],\"inLanguage\":\"fr-FR\"},{\"@type\":\"WebPage\",\"@id\":\"https:\/\/www.sabrinacenergie.com\/index.php\/je-suis-hypersensible-mais-pas-que-je-suis-un-haut-potentiel\/#webpage\",\"url\":\"https:\/\/www.sabrinacenergie.com\/index.php\/je-suis-hypersensible-mais-pas-que-je-suis-un-haut-potentiel\/\",\"name\":\"sabrinacenergie-je suis hypersensible et haut potentiel - Sabrina Cenergie\",\"isPartOf\":{\"@id\":\"https:\/\/www.sabrinacenergie.com\/#website\"},\"datePublished\":\"2021-10-11T12:08:49+00:00\",\"dateModified\":\"2025-12-30T16:37:21+00:00\",\"description\":\"Je suis hypersensible mais pas que..je suis un Haut Potentiel... hypersensible et haut potentiel peut-\\u00eatre?\",\"breadcrumb\":{\"@id\":\"https:\/\/www.sabrinacenergie.com\/index.php\/je-suis-hypersensible-mais-pas-que-je-suis-un-haut-potentiel\/#breadcrumb\"},\"inLanguage\":\"fr-FR\",\"potentialAction\":[{\"@type\":\"ReadAction\",\"target\":[\"https:\/\/www.sabrinacenergie.com\/index.php\/je-suis-hypersensible-mais-pas-que-je-suis-un-haut-potentiel\/\"]}]},{\"@type\":\"BreadcrumbList\",\"@id\":\"https:\/\/www.sabrinacenergie.com\/index.php\/je-suis-hypersensible-mais-pas-que-je-suis-un-haut-potentiel\/#breadcrumb\",\"itemListElement\":[{\"@type\":\"ListItem\",\"position\":1,\"item\":{\"@type\":\"WebPage\",\"@id\":\"https:\/\/www.sabrinacenergie.com\/\",\"url\":\"https:\/\/www.sabrinacenergie.com\/\",\"name\":\"Accueil\"}},{\"@type\":\"ListItem\",\"position\":2,\"item\":{\"@type\":\"WebPage\",\"@id\":\"https:\/\/www.sabrinacenergie.com\/index.php\/je-suis-hypersensible-mais-pas-que-je-suis-un-haut-potentiel\/\",\"url\":\"https:\/\/www.sabrinacenergie.com\/index.php\/je-suis-hypersensible-mais-pas-que-je-suis-un-haut-potentiel\/\",\"name\":\"Je suis hypersensible mais pas que..je suis un Haut Potentiel&#8230;\"}}]}]}<\/script>\n<!-- \/ Yoast SEO plugin. -->","_links":{"self":[{"href":"https:\/\/www.sabrinacenergie.com\/index.php\/wp-json\/wp\/v2\/pages\/541"}],"collection":[{"href":"https:\/\/www.sabrinacenergie.com\/index.php\/wp-json\/wp\/v2\/pages"}],"about":[{"href":"https:\/\/www.sabrinacenergie.com\/index.php\/wp-json\/wp\/v2\/types\/page"}],"author":[{"embeddable":true,"href":"https:\/\/www.sabrinacenergie.com\/index.php\/wp-json\/wp\/v2\/users\/4"}],"replies":[{"embeddable":true,"href":"https:\/\/www.sabrinacenergie.com\/index.php\/wp-json\/wp\/v2\/comments?post=541"}],"version-history":[{"count":8,"href":"https:\/\/www.sabrinacenergie.com\/index.php\/wp-json\/wp\/v2\/pages\/541\/revisions"}],"predecessor-version":[{"id":653,"href":"https:\/\/www.sabrinacenergie.com\/index.php\/wp-json\/wp\/v2\/pages\/541\/revisions\/653"}],"wp:attachment":[{"href":"https:\/\/www.sabrinacenergie.com\/index.php\/wp-json\/wp\/v2\/media?parent=541"}],"curies":[{"name":"wp","href":"https:\/\/api.w.org\/{rel}","templated":true}]}}