{"id":477,"date":"2021-09-11T15:43:28","date_gmt":"2021-09-11T13:43:28","guid":{"rendered":"http:\/\/www.sabrinacenergie.com\/?page_id=477"},"modified":"2022-01-13T10:40:17","modified_gmt":"2022-01-13T09:40:17","slug":"etre-et-bien-etre","status":"publish","type":"page","link":"https:\/\/www.sabrinacenergie.com\/index.php\/etre-et-bien-etre\/","title":{"rendered":"\u00catre et Bien-\u00eatre"},"content":{"rendered":"\t\t<div data-elementor-type=\"wp-page\" data-elementor-id=\"477\" class=\"elementor elementor-477\" data-elementor-settings=\"[]\">\n\t\t\t\t\t\t<div class=\"elementor-inner\">\n\t\t\t\t\t\t\t<div class=\"elementor-section-wrap\">\n\t\t\t\t\t\t\t<section class=\"elementor-section elementor-top-section elementor-element elementor-element-82cede6 elementor-section-boxed elementor-section-height-default elementor-section-height-default\" data-id=\"82cede6\" data-element_type=\"section\">\n\t\t\t\t\t\t<div class=\"elementor-container elementor-column-gap-default\">\n\t\t\t\t\t\t\t<div class=\"elementor-row\">\n\t\t\t\t\t<div class=\"elementor-column elementor-col-100 elementor-top-column elementor-element elementor-element-9bbdd90\" data-id=\"9bbdd90\" data-element_type=\"column\">\n\t\t\t<div class=\"elementor-column-wrap\">\n\t\t\t\t\t\t\t<div class=\"elementor-widget-wrap\">\n\t\t\t\t\t\t\t\t<\/div>\n\t\t\t\t\t<\/div>\n\t\t<\/div>\n\t\t\t\t\t\t\t\t<\/div>\n\t\t\t\t\t<\/div>\n\t\t<\/section>\n\t\t\t\t<section class=\"elementor-section elementor-top-section elementor-element elementor-element-d5cc506 elementor-section-boxed elementor-section-height-default elementor-section-height-default\" data-id=\"d5cc506\" data-element_type=\"section\">\n\t\t\t\t\t\t<div class=\"elementor-container elementor-column-gap-default\">\n\t\t\t\t\t\t\t<div class=\"elementor-row\">\n\t\t\t\t\t<div class=\"elementor-column elementor-col-100 elementor-top-column elementor-element elementor-element-f556302\" data-id=\"f556302\" data-element_type=\"column\">\n\t\t\t<div class=\"elementor-column-wrap elementor-element-populated\">\n\t\t\t\t\t\t\t<div class=\"elementor-widget-wrap\">\n\t\t\t\t\t\t<div class=\"elementor-element elementor-element-3b6af43 elementor-widget elementor-widget-text-editor\" data-id=\"3b6af43\" data-element_type=\"widget\" data-widget_type=\"text-editor.default\">\n\t\t\t\t<div class=\"elementor-widget-container\">\n\t\t\t\t\t<div class=\"elementor-text-editor elementor-clearfix\"><p><\/p>\n<h1>NOUS SOMMES DES \u00caTRES DE SOCI\u00c9T\u00c9&nbsp;<\/h1>\n<p><span style=\"text-align: justify; font-size: 20px;\">Depuis que nous sommes tout petits, on nous demande de nous conformer \u00e0 des r\u00e8gles. D\u00e8s notre naissance, nous appartenons \u00e0 une soci\u00e9t\u00e9, \u00e0 un groupe, \u00e0 une famille. Ces m\u00eames groupes ont \u00e9tabli des r\u00e8gles de fonctionnement.<\/span><\/p>\n<p><span style=\"font-size: 20px;\">D\u00e8s notre naissance, Les parents transmettent des valeurs et des modes de fonctionnement \u00e0 leurs enfants. A l\u2019\u00e9cole , les professeurs rappellent les r\u00e8gles \u00e0 respecter au sein de la classe . Il en est de m\u00eame au travail comme dans tous les lieux que nous c\u00f4toyons. Ainsi nous voil\u00e0 format\u00e9s, programm\u00e9s avec des valeurs communes. Mes consultants sont tr\u00e9s souvent des hommes, des femmes et des enfants hypersensibles* qui ont des difficult\u00e9s \u00e0 se conformer. Ils ne supportent plus les tiraillements entre ce qui est attendu et ce qu&rsquo;ils veulent profond\u00e9ment. Hyper empathes, ils d\u00e9tectent les souffrances de l&rsquo;autre et se positionnent en sauveur (cf: le triangle de Karpman*).&nbsp;<\/span><\/p>\n<p><span style=\"font-size: 20px;\">Burn out, d\u00e9tresse \u00e9motionnelle sont des signes d&rsquo;alertre \u00e9mis par notre merveilleux alli\u00e9 qu&rsquo;est notre corps.<\/span><\/p>\n<p><br><\/p>\n<h6>&nbsp;<\/h6><\/div>\n\t\t\t\t<\/div>\n\t\t\t\t<\/div>\n\t\t\t\t<div class=\"elementor-element elementor-element-9fb2839 elementor-widget elementor-widget-text-editor\" data-id=\"9fb2839\" data-element_type=\"widget\" data-widget_type=\"text-editor.default\">\n\t\t\t\t<div class=\"elementor-widget-container\">\n\t\t\t\t\t<div class=\"elementor-text-editor elementor-clearfix\"><p><span style=\"color: #1d2228; font-family: 'Helvetica Neue', Helvetica, Arial, sans-serif; font-size: 21px;\">&nbsp;<\/span><\/p>\n<h2>NOUS SOMMES DES \u00caTRES EN QU\u00caTE DE BIEN-\u00caTRE<\/h2>\n<p><span style=\"font-size: 20px; font-weight: 400;\">Toutes ces personnes en d\u00e9tresse \u00e9motionnelle passent la porte de mon cabinet lorsqu\u2019elles ont besoin de se lib\u00e9rer de ce stress mental. Souvent \u00e0 ce stade, elles comprennent qu&rsquo;elles ont donn\u00e9 beaucoup d\u2019\u00e9nergie \u00e0 l&rsquo;autre et n&rsquo;en ont plus pour elles-m\u00eames.<\/span><\/p>\n<p>Toute cette perte d\u2019\u00e9nergie peut se manifester par l\u2019\u00e9puisement ou le burn out.&nbsp;<\/p>\n<p>Quand le corps r\u00e9agit, que les douleurs s\u2019installent, l\u2019alerte est lanc\u00e9e, il est temps de gu\u00e9rir.&nbsp;<\/p>\n<p>La gu\u00e9rison implique d\u2019\u00eatre attentif \u00e0 vos besoins et par cons\u00e9quent de vous \u00e9couter.&nbsp;<\/p>\n<p>Qu\u2019est-ce que vous ressentez&nbsp;? De quoi avez-vous besoin&nbsp;? Ces questions sont essentielles \u00e0 votre bien-\u00eatre.&nbsp;<\/p>\n<p>La th\u00e9rapie que je vous propose vient non seulement vous lib\u00e9rer de vos souffrances mais aussi vous reconnecter \u00e0 vous m\u00eame. Ainsi vous retrouverez votre pleine \u00e9nergie et votre pouvoir de cr\u00e9ation.<\/p><\/div>\n\t\t\t\t<\/div>\n\t\t\t\t<\/div>\n\t\t\t\t<div class=\"elementor-element elementor-element-82506ee elementor-widget elementor-widget-text-editor\" data-id=\"82506ee\" data-element_type=\"widget\" data-widget_type=\"text-editor.default\">\n\t\t\t\t<div class=\"elementor-widget-container\">\n\t\t\t\t\t<div class=\"elementor-text-editor elementor-clearfix\"><p><span style=\"color: #1d2228; font-family: 'Helvetica Neue', Helvetica, Arial, sans-serif; font-size: 21px;\">&nbsp;<\/span><\/p>\n<h1>LE BIEN-\u00caTRE ICI ET AILLEURS<\/h1>\n<p style=\"text-align: start; \"><font face=\"Livvic\"><span style=\"font-size: 20px;\">Concept innovant certes ! J&rsquo;ai \u00e0 coeur de contribuer \u00e0 votre<\/span><\/font>&nbsp;bien-\u00eatre dans votre vie quotidienne.&nbsp;<\/p><p style=\"text-align: start; \"><span style=\"text-align: justify;\">Etant moi-m\u00eame salari\u00e9e et maman de 3 enfants je sais comme il peut \u00eatre compliqu\u00e9 de trouver du temps pour soi.&nbsp;<\/span><\/p>\n<p>C&rsquo;est pour cela que je vous propose de vous rencontrer sur votre lieu de travail ou dans votre boutique privil\u00e9gi\u00e9e. J&rsquo;installe sur votre lieu de travail ou dans votre boutique de choix, un espace bien-\u00eatre alliant discr\u00e9tion et d\u00e9tente dans le respect de votre intimit\u00e9.<\/p>\n<p><br><\/p><\/div>\n\t\t\t\t<\/div>\n\t\t\t\t<\/div>\n\t\t\t\t\t\t<\/div>\n\t\t\t\t\t<\/div>\n\t\t<\/div>\n\t\t\t\t\t\t\t\t<\/div>\n\t\t\t\t\t<\/div>\n\t\t<\/section>\n\t\t\t\t<section class=\"elementor-section elementor-top-section elementor-element elementor-element-e8a0b4b elementor-section-boxed elementor-section-height-default elementor-section-height-default\" data-id=\"e8a0b4b\" data-element_type=\"section\">\n\t\t\t\t\t\t<div class=\"elementor-container elementor-column-gap-default\">\n\t\t\t\t\t\t\t<div class=\"elementor-row\">\n\t\t\t\t\t<div class=\"elementor-column elementor-col-50 elementor-top-column elementor-element elementor-element-37115e0\" data-id=\"37115e0\" data-element_type=\"column\">\n\t\t\t<div class=\"elementor-column-wrap elementor-element-populated\">\n\t\t\t\t\t\t\t<div class=\"elementor-widget-wrap\">\n\t\t\t\t\t\t<div class=\"elementor-element elementor-element-1445d4c elementor-widget elementor-widget-image\" data-id=\"1445d4c\" data-element_type=\"widget\" data-widget_type=\"image.default\">\n\t\t\t\t<div class=\"elementor-widget-container\">\n\t\t\t\t\t<div class=\"elementor-image\">\n\t\t\t\t\t\t\t\t\t\t<img width=\"925\" height=\"715\" src=\"https:\/\/www.sabrinacenergie.com\/wp-content\/uploads\/2021\/09\/Recto-1024x791.png\" class=\"attachment-large size-large\" alt=\"\" decoding=\"async\" loading=\"lazy\" srcset=\"https:\/\/www.sabrinacenergie.com\/wp-content\/uploads\/2021\/09\/Recto-1024x791.png 1024w, https:\/\/www.sabrinacenergie.com\/wp-content\/uploads\/2021\/09\/Recto-300x232.png 300w, https:\/\/www.sabrinacenergie.com\/wp-content\/uploads\/2021\/09\/Recto-768x593.png 768w, https:\/\/www.sabrinacenergie.com\/wp-content\/uploads\/2021\/09\/Recto-1536x1187.png 1536w, https:\/\/www.sabrinacenergie.com\/wp-content\/uploads\/2021\/09\/Recto-260x200.png 260w, https:\/\/www.sabrinacenergie.com\/wp-content\/uploads\/2021\/09\/Recto-280x215.png 280w, https:\/\/www.sabrinacenergie.com\/wp-content\/uploads\/2021\/09\/Recto-78x60.png 78w, https:\/\/www.sabrinacenergie.com\/wp-content\/uploads\/2021\/09\/Recto.png 2000w\" sizes=\"(max-width: 925px) 100vw, 925px\" \/>\t\t\t\t\t\t\t\t\t\t\t<\/div>\n\t\t\t\t<\/div>\n\t\t\t\t<\/div>\n\t\t\t\t\t\t<\/div>\n\t\t\t\t\t<\/div>\n\t\t<\/div>\n\t\t\t\t<div class=\"elementor-column elementor-col-50 elementor-top-column elementor-element elementor-element-62e3e37\" data-id=\"62e3e37\" data-element_type=\"column\">\n\t\t\t<div class=\"elementor-column-wrap elementor-element-populated\">\n\t\t\t\t\t\t\t<div class=\"elementor-widget-wrap\">\n\t\t\t\t\t\t<div class=\"elementor-element elementor-element-f63d259 elementor-widget elementor-widget-image\" data-id=\"f63d259\" data-element_type=\"widget\" data-widget_type=\"image.default\">\n\t\t\t\t<div class=\"elementor-widget-container\">\n\t\t\t\t\t<div class=\"elementor-image\">\n\t\t\t\t\t\t\t\t\t\t<img width=\"925\" height=\"715\" src=\"https:\/\/www.sabrinacenergie.com\/wp-content\/uploads\/2021\/09\/Verso-1024x791.png\" class=\"attachment-large size-large\" alt=\"\" decoding=\"async\" loading=\"lazy\" srcset=\"https:\/\/www.sabrinacenergie.com\/wp-content\/uploads\/2021\/09\/Verso-1024x791.png 1024w, https:\/\/www.sabrinacenergie.com\/wp-content\/uploads\/2021\/09\/Verso-300x232.png 300w, https:\/\/www.sabrinacenergie.com\/wp-content\/uploads\/2021\/09\/Verso-768x593.png 768w, https:\/\/www.sabrinacenergie.com\/wp-content\/uploads\/2021\/09\/Verso-1536x1187.png 1536w, https:\/\/www.sabrinacenergie.com\/wp-content\/uploads\/2021\/09\/Verso-260x200.png 260w, https:\/\/www.sabrinacenergie.com\/wp-content\/uploads\/2021\/09\/Verso-280x215.png 280w, https:\/\/www.sabrinacenergie.com\/wp-content\/uploads\/2021\/09\/Verso-78x60.png 78w, https:\/\/www.sabrinacenergie.com\/wp-content\/uploads\/2021\/09\/Verso.png 2000w\" sizes=\"(max-width: 925px) 100vw, 925px\" \/>\t\t\t\t\t\t\t\t\t\t\t<\/div>\n\t\t\t\t<\/div>\n\t\t\t\t<\/div>\n\t\t\t\t\t\t<\/div>\n\t\t\t\t\t<\/div>\n\t\t<\/div>\n\t\t\t\t\t\t\t\t<\/div>\n\t\t\t\t\t<\/div>\n\t\t<\/section>\n\t\t\t\t<section class=\"elementor-section elementor-top-section elementor-element elementor-element-64f134c elementor-section-boxed elementor-section-height-default elementor-section-height-default\" data-id=\"64f134c\" data-element_type=\"section\">\n\t\t\t\t\t\t<div class=\"elementor-container elementor-column-gap-default\">\n\t\t\t\t\t\t\t<div class=\"elementor-row\">\n\t\t\t\t\t<div class=\"elementor-column elementor-col-100 elementor-top-column elementor-element elementor-element-60f78ea\" data-id=\"60f78ea\" data-element_type=\"column\">\n\t\t\t<div class=\"elementor-column-wrap\">\n\t\t\t\t\t\t\t<div class=\"elementor-widget-wrap\">\n\t\t\t\t\t\t\t\t<\/div>\n\t\t\t\t\t<\/div>\n\t\t<\/div>\n\t\t\t\t\t\t\t\t<\/div>\n\t\t\t\t\t<\/div>\n\t\t<\/section>\n\t\t\t\t<section class=\"elementor-section elementor-top-section elementor-element elementor-element-0ca7390 elementor-section-boxed elementor-section-height-default elementor-section-height-default\" data-id=\"0ca7390\" data-element_type=\"section\">\n\t\t\t\t\t\t<div class=\"elementor-container elementor-column-gap-default\">\n\t\t\t\t\t\t\t<div class=\"elementor-row\">\n\t\t\t\t\t<div class=\"elementor-column elementor-col-50 elementor-top-column elementor-element elementor-element-b5d554d\" data-id=\"b5d554d\" data-element_type=\"column\">\n\t\t\t<div class=\"elementor-column-wrap elementor-element-populated\">\n\t\t\t\t\t\t\t<div class=\"elementor-widget-wrap\">\n\t\t\t\t\t\t<div class=\"elementor-element elementor-element-07141ee elementor-widget elementor-widget-image\" data-id=\"07141ee\" data-element_type=\"widget\" data-widget_type=\"image.default\">\n\t\t\t\t<div class=\"elementor-widget-container\">\n\t\t\t\t\t<div class=\"elementor-image\">\n\t\t\t\t\t\t\t\t\t\t<img width=\"925\" height=\"715\" src=\"https:\/\/www.sabrinacenergie.com\/wp-content\/uploads\/2021\/09\/Depliant-Boutique-1-1024x791.png\" class=\"attachment-large size-large\" alt=\"\" decoding=\"async\" loading=\"lazy\" srcset=\"https:\/\/www.sabrinacenergie.com\/wp-content\/uploads\/2021\/09\/Depliant-Boutique-1-1024x791.png 1024w, https:\/\/www.sabrinacenergie.com\/wp-content\/uploads\/2021\/09\/Depliant-Boutique-1-300x232.png 300w, https:\/\/www.sabrinacenergie.com\/wp-content\/uploads\/2021\/09\/Depliant-Boutique-1-768x593.png 768w, https:\/\/www.sabrinacenergie.com\/wp-content\/uploads\/2021\/09\/Depliant-Boutique-1-1536x1187.png 1536w, https:\/\/www.sabrinacenergie.com\/wp-content\/uploads\/2021\/09\/Depliant-Boutique-1-260x200.png 260w, https:\/\/www.sabrinacenergie.com\/wp-content\/uploads\/2021\/09\/Depliant-Boutique-1-280x215.png 280w, https:\/\/www.sabrinacenergie.com\/wp-content\/uploads\/2021\/09\/Depliant-Boutique-1-78x60.png 78w, https:\/\/www.sabrinacenergie.com\/wp-content\/uploads\/2021\/09\/Depliant-Boutique-1.png 2000w\" sizes=\"(max-width: 925px) 100vw, 925px\" \/>\t\t\t\t\t\t\t\t\t\t\t<\/div>\n\t\t\t\t<\/div>\n\t\t\t\t<\/div>\n\t\t\t\t\t\t<\/div>\n\t\t\t\t\t<\/div>\n\t\t<\/div>\n\t\t\t\t<div class=\"elementor-column elementor-col-50 elementor-top-column elementor-element elementor-element-c54480f\" data-id=\"c54480f\" data-element_type=\"column\">\n\t\t\t<div class=\"elementor-column-wrap elementor-element-populated\">\n\t\t\t\t\t\t\t<div class=\"elementor-widget-wrap\">\n\t\t\t\t\t\t<div class=\"elementor-element elementor-element-3608eac elementor-widget elementor-widget-image\" data-id=\"3608eac\" data-element_type=\"widget\" data-widget_type=\"image.default\">\n\t\t\t\t<div class=\"elementor-widget-container\">\n\t\t\t\t\t<div class=\"elementor-image\">\n\t\t\t\t\t\t\t\t\t\t<img width=\"925\" height=\"715\" src=\"https:\/\/www.sabrinacenergie.com\/wp-content\/uploads\/2021\/09\/Depliant-Boutique-2-1024x791.png\" class=\"attachment-large size-large\" alt=\"\" decoding=\"async\" loading=\"lazy\" srcset=\"https:\/\/www.sabrinacenergie.com\/wp-content\/uploads\/2021\/09\/Depliant-Boutique-2-1024x791.png 1024w, https:\/\/www.sabrinacenergie.com\/wp-content\/uploads\/2021\/09\/Depliant-Boutique-2-300x232.png 300w, https:\/\/www.sabrinacenergie.com\/wp-content\/uploads\/2021\/09\/Depliant-Boutique-2-768x593.png 768w, https:\/\/www.sabrinacenergie.com\/wp-content\/uploads\/2021\/09\/Depliant-Boutique-2-1536x1187.png 1536w, https:\/\/www.sabrinacenergie.com\/wp-content\/uploads\/2021\/09\/Depliant-Boutique-2-260x200.png 260w, https:\/\/www.sabrinacenergie.com\/wp-content\/uploads\/2021\/09\/Depliant-Boutique-2-280x215.png 280w, https:\/\/www.sabrinacenergie.com\/wp-content\/uploads\/2021\/09\/Depliant-Boutique-2-78x60.png 78w, https:\/\/www.sabrinacenergie.com\/wp-content\/uploads\/2021\/09\/Depliant-Boutique-2.png 2000w\" sizes=\"(max-width: 925px) 100vw, 925px\" \/>\t\t\t\t\t\t\t\t\t\t\t<\/div>\n\t\t\t\t<\/div>\n\t\t\t\t<\/div>\n\t\t\t\t\t\t<\/div>\n\t\t\t\t\t<\/div>\n\t\t<\/div>\n\t\t\t\t\t\t\t\t<\/div>\n\t\t\t\t\t<\/div>\n\t\t<\/section>\n\t\t\t\t\t\t<\/div>\n\t\t\t\t\t\t<\/div>\n\t\t\t\t\t<\/div>\n\t\t","protected":false},"excerpt":{"rendered":"<p>NOUS SOMMES DES \u00caTRES DE SOCI\u00c9T\u00c9&nbsp; Depuis que nous sommes tout petits, on nous demande de nous conformer \u00e0 des r\u00e8gles. D\u00e8s notre naissance, nous appartenons \u00e0 une soci\u00e9t\u00e9, \u00e0 un groupe, \u00e0 une famille. Ces m\u00eames groupes ont \u00e9tabli des r\u00e8gles de fonctionnement. D\u00e8s notre naissance, Les parents transmettent des valeurs et des modes &hellip; <\/p>\n","protected":false},"author":4,"featured_media":0,"parent":0,"menu_order":0,"comment_status":"closed","ping_status":"closed","template":"","meta":[],"yoast_head":"<!-- This site is optimized with the Yoast SEO plugin v15.9 - https:\/\/yoast.com\/wordpress\/plugins\/seo\/ -->\n<title>\u00catre et Bien-\u00eatre - Sabrina Cenergie<\/title>\n<meta name=\"robots\" content=\"index, follow, max-snippet:-1, max-image-preview:large, max-video-preview:-1\" \/>\n<link rel=\"canonical\" href=\"https:\/\/www.sabrinacenergie.com\/index.php\/etre-et-bien-etre\/\" \/>\n<meta property=\"og:locale\" content=\"fr_FR\" \/>\n<meta property=\"og:type\" content=\"article\" \/>\n<meta property=\"og:title\" content=\"\u00catre et Bien-\u00eatre - Sabrina Cenergie\" \/>\n<meta property=\"og:description\" content=\"NOUS SOMMES DES \u00caTRES DE SOCI\u00c9T\u00c9&nbsp; Depuis que nous sommes tout petits, on nous demande de nous conformer \u00e0 des r\u00e8gles. D\u00e8s notre naissance, nous appartenons \u00e0 une soci\u00e9t\u00e9, \u00e0 un groupe, \u00e0 une famille. Ces m\u00eames groupes ont \u00e9tabli des r\u00e8gles de fonctionnement. D\u00e8s notre naissance, Les parents transmettent des valeurs et des modes &hellip;\" \/>\n<meta property=\"og:url\" content=\"https:\/\/www.sabrinacenergie.com\/index.php\/etre-et-bien-etre\/\" \/>\n<meta property=\"og:site_name\" content=\"Sabrina Cenergie\" \/>\n<meta property=\"article:modified_time\" content=\"2022-01-13T09:40:17+00:00\" \/>\n<meta property=\"og:image\" content=\"http:\/\/www.sabrinacenergie.com\/wp-content\/uploads\/2021\/09\/Recto-1024x791.png\" \/>\n<meta name=\"twitter:card\" content=\"summary_large_image\" \/>\n<meta name=\"twitter:label1\" content=\"Dur\u00e9e de lecture est.\">\n\t<meta name=\"twitter:data1\" content=\"3 minutes\">\n<script type=\"application\/ld+json\" class=\"yoast-schema-graph\">{\"@context\":\"https:\/\/schema.org\",\"@graph\":[{\"@type\":\"WebSite\",\"@id\":\"https:\/\/www.sabrinacenergie.com\/#website\",\"url\":\"https:\/\/www.sabrinacenergie.com\/\",\"name\":\"Sabrina Cenergie\",\"description\":\"UNE SYNERGIE AU  SERVICE DE VOTRE SANT\\u00c9\",\"potentialAction\":[{\"@type\":\"SearchAction\",\"target\":\"https:\/\/www.sabrinacenergie.com\/?s={search_term_string}\",\"query-input\":\"required name=search_term_string\"}],\"inLanguage\":\"fr-FR\"},{\"@type\":\"ImageObject\",\"@id\":\"https:\/\/www.sabrinacenergie.com\/index.php\/etre-et-bien-etre\/#primaryimage\",\"inLanguage\":\"fr-FR\",\"url\":\"http:\/\/www.sabrinacenergie.com\/wp-content\/uploads\/2021\/09\/Recto-1024x791.png\"},{\"@type\":\"WebPage\",\"@id\":\"https:\/\/www.sabrinacenergie.com\/index.php\/etre-et-bien-etre\/#webpage\",\"url\":\"https:\/\/www.sabrinacenergie.com\/index.php\/etre-et-bien-etre\/\",\"name\":\"\\u00catre et Bien-\\u00eatre - Sabrina Cenergie\",\"isPartOf\":{\"@id\":\"https:\/\/www.sabrinacenergie.com\/#website\"},\"primaryImageOfPage\":{\"@id\":\"https:\/\/www.sabrinacenergie.com\/index.php\/etre-et-bien-etre\/#primaryimage\"},\"datePublished\":\"2021-09-11T13:43:28+00:00\",\"dateModified\":\"2022-01-13T09:40:17+00:00\",\"breadcrumb\":{\"@id\":\"https:\/\/www.sabrinacenergie.com\/index.php\/etre-et-bien-etre\/#breadcrumb\"},\"inLanguage\":\"fr-FR\",\"potentialAction\":[{\"@type\":\"ReadAction\",\"target\":[\"https:\/\/www.sabrinacenergie.com\/index.php\/etre-et-bien-etre\/\"]}]},{\"@type\":\"BreadcrumbList\",\"@id\":\"https:\/\/www.sabrinacenergie.com\/index.php\/etre-et-bien-etre\/#breadcrumb\",\"itemListElement\":[{\"@type\":\"ListItem\",\"position\":1,\"item\":{\"@type\":\"WebPage\",\"@id\":\"https:\/\/www.sabrinacenergie.com\/\",\"url\":\"https:\/\/www.sabrinacenergie.com\/\",\"name\":\"Accueil\"}},{\"@type\":\"ListItem\",\"position\":2,\"item\":{\"@type\":\"WebPage\",\"@id\":\"https:\/\/www.sabrinacenergie.com\/index.php\/etre-et-bien-etre\/\",\"url\":\"https:\/\/www.sabrinacenergie.com\/index.php\/etre-et-bien-etre\/\",\"name\":\"\\u00catre et Bien-\\u00eatre\"}}]}]}<\/script>\n<!-- \/ Yoast SEO plugin. -->","_links":{"self":[{"href":"https:\/\/www.sabrinacenergie.com\/index.php\/wp-json\/wp\/v2\/pages\/477"}],"collection":[{"href":"https:\/\/www.sabrinacenergie.com\/index.php\/wp-json\/wp\/v2\/pages"}],"about":[{"href":"https:\/\/www.sabrinacenergie.com\/index.php\/wp-json\/wp\/v2\/types\/page"}],"author":[{"embeddable":true,"href":"https:\/\/www.sabrinacenergie.com\/index.php\/wp-json\/wp\/v2\/users\/4"}],"replies":[{"embeddable":true,"href":"https:\/\/www.sabrinacenergie.com\/index.php\/wp-json\/wp\/v2\/comments?post=477"}],"version-history":[{"count":82,"href":"https:\/\/www.sabrinacenergie.com\/index.php\/wp-json\/wp\/v2\/pages\/477\/revisions"}],"predecessor-version":[{"id":605,"href":"https:\/\/www.sabrinacenergie.com\/index.php\/wp-json\/wp\/v2\/pages\/477\/revisions\/605"}],"wp:attachment":[{"href":"https:\/\/www.sabrinacenergie.com\/index.php\/wp-json\/wp\/v2\/media?parent=477"}],"curies":[{"name":"wp","href":"https:\/\/api.w.org\/{rel}","templated":true}]}}