{"id":416,"date":"2021-05-27T15:59:10","date_gmt":"2021-05-27T13:59:10","guid":{"rendered":"http:\/\/www.sabrinacenergie.com\/?page_id=416"},"modified":"2025-12-30T17:10:33","modified_gmt":"2025-12-30T16:10:33","slug":"qui-suis-je","status":"publish","type":"page","link":"https:\/\/www.sabrinacenergie.com\/index.php\/qui-suis-je\/","title":{"rendered":"Qui suis-je?  (partie 1)"},"content":{"rendered":"\t\t<div data-elementor-type=\"wp-page\" data-elementor-id=\"416\" class=\"elementor elementor-416\" data-elementor-settings=\"[]\">\n\t\t\t\t\t\t<div class=\"elementor-inner\">\n\t\t\t\t\t\t\t<div class=\"elementor-section-wrap\">\n\t\t\t\t\t\t\t<section class=\"elementor-section elementor-top-section elementor-element elementor-element-4f7e9b9 elementor-section-boxed elementor-section-height-default elementor-section-height-default\" data-id=\"4f7e9b9\" data-element_type=\"section\">\n\t\t\t\t\t\t<div class=\"elementor-container elementor-column-gap-default\">\n\t\t\t\t\t\t\t<div class=\"elementor-row\">\n\t\t\t\t\t<div class=\"elementor-column elementor-col-66 elementor-top-column elementor-element elementor-element-fd905ef\" data-id=\"fd905ef\" data-element_type=\"column\">\n\t\t\t<div class=\"elementor-column-wrap elementor-element-populated\">\n\t\t\t\t\t\t\t<div class=\"elementor-widget-wrap\">\n\t\t\t\t\t\t<div class=\"elementor-element elementor-element-e413480 elementor-widget elementor-widget-text-editor\" data-id=\"e413480\" data-element_type=\"widget\" data-widget_type=\"text-editor.default\">\n\t\t\t\t<div class=\"elementor-widget-container\">\n\t\t\t\t\t<div class=\"elementor-text-editor elementor-clearfix\"><p>Anciennement salari\u00e9e en entreprise, je pratiquais d\u00e9j\u00e0 les soins \u00e9nerg\u00e9tiques aupr\u00e8s de mon entourage. Mes premiers soins \u00e9nerg\u00e9tiques se sont port\u00e9s vers le mal de dos, mal de ventre, mal de t\u00eate, mal de genou, trouble digestif, insomnie, eczema et bien d&rsquo;autres maux. D\u00e8s la premi\u00e8re s\u00e9ance, le soin \u00e9nerg\u00e9tique se r\u00e9v\u00e9lait \u00eatre un succ\u00e8s sur les plans physiques et \u00e9motionnels. A mes yeux, les r\u00e9sultats \u00e9taient miraculeux. Pour qualifier la qualit\u00e9 du soin, je me basais sur une \u00e9chelle de douleur de 0&nbsp; \u00e0 10 avant et apr\u00e8s le soin. Les jeunes enfants pouvaient me montrer l&rsquo;\u00e9cart avec leurs mains.<\/p>\n<p>Pour tous les cas trait\u00e9s , la douleur disparaissait ou s&rsquo;estompait d\u00e8s le premier soin \u00e9nerg\u00e9tique.<br><\/p>\n<div>Avant de commencer la s\u00e9ance, je ressentais le mal-\u00eatre, le stress, la fatigue, la tristesse et parfois le d\u00e9sarroi des consultants,<\/div>\n<div>&nbsp;<\/div>\n<div>Apr\u00e8s la s\u00e9ance, les yeux p\u00e9tillaient, les sourires s&rsquo;affichaient. Mes soins \u00e9taient qualifi\u00e9s de miraculeux. Plus je pratiquais et plus le magn\u00e9tisme s&rsquo;installait dans ma vie. Avant toutes mes exp\u00e9riences \u00e9sot\u00e9riques, j&rsquo;\u00e9tais extr\u00eamement sceptique.&nbsp;<br><\/div>\n<p><br><\/p>\n<p>Je r\u00e9alisais que le magn\u00e9tisme coupl\u00e9 de ma&nbsp; bienveillance et de mon intuition aiguis\u00e9e rendait mes soins uniques et pouvaient impacter sur notre \u00e9tat de sant\u00e9. L&rsquo;\u00e9vidence s&rsquo;imposait \u00e0 moi : notre \u00e9quilibre \u00e9nerg\u00e9tique est un \u00e9l\u00e9ment cl\u00e9 pour notre sant\u00e9 et notre bien-\u00eatre.&nbsp;&nbsp;<\/p>\n<p>Tr\u00e9s rapidement, j&rsquo;obtiens mes certifications de practicienne en magn\u00e9tisme.<br><\/p>\n<div>&nbsp;<\/div>\n<div>\u00ab\u00a0Moi, Sabrina Corcoran je suis magn\u00e9tiseuse\u00a0\u00bb.&nbsp;<br><br>Mon champs d&rsquo;expertise va bien au-del\u00e0 du magn\u00e9tisme.&nbsp;<br><br>En effet, j&rsquo;utilise une th\u00e9rapie holistique qui consid\u00e8re l&rsquo;individu dans son ensemble. Je consid\u00e8re que le stress \u00e9motionnel g\u00e9n\u00e8re un stress sur le corps physique ce qui peut \u00e0 terme g\u00e9n\u00e9rer douleur et\/ou maladie.&nbsp;<br><br><\/div><div>J&rsquo;applique aussi une th\u00e9rapie psycho-intuitive durant laquelle je me connecte ais\u00e9ment \u00e0 l&rsquo;\u00e9nergie du consultant. Je peux, quand le besoin s&rsquo;en fait ressentir, mettre en lumi\u00e8re les blocages inconscients.&nbsp;<\/div><div><br><\/div><\/div>\n\t\t\t\t<\/div>\n\t\t\t\t<\/div>\n\t\t\t\t\t\t<\/div>\n\t\t\t\t\t<\/div>\n\t\t<\/div>\n\t\t\t\t<div class=\"elementor-column elementor-col-33 elementor-top-column elementor-element elementor-element-0042a56\" data-id=\"0042a56\" data-element_type=\"column\">\n\t\t\t<div class=\"elementor-column-wrap elementor-element-populated\">\n\t\t\t\t\t\t\t<div class=\"elementor-widget-wrap\">\n\t\t\t\t\t\t<div class=\"elementor-element elementor-element-15254aa elementor-widget elementor-widget-image\" data-id=\"15254aa\" data-element_type=\"widget\" data-widget_type=\"image.default\">\n\t\t\t\t<div class=\"elementor-widget-container\">\n\t\t\t\t\t<div class=\"elementor-image\">\n\t\t\t\t\t\t\t<figure class=\"wp-caption\">\n\t\t\t\t\t\t\t\t\t\t<img width=\"1296\" height=\"864\" src=\"https:\/\/www.sabrinacenergie.com\/wp-content\/uploads\/2021\/02\/Photo_3.jpg\" class=\"attachment-1536x1536 size-1536x1536\" alt=\"\" decoding=\"async\" loading=\"lazy\" srcset=\"https:\/\/www.sabrinacenergie.com\/wp-content\/uploads\/2021\/02\/Photo_3.jpg 1296w, https:\/\/www.sabrinacenergie.com\/wp-content\/uploads\/2021\/02\/Photo_3-300x200.jpg 300w, https:\/\/www.sabrinacenergie.com\/wp-content\/uploads\/2021\/02\/Photo_3-1024x683.jpg 1024w, https:\/\/www.sabrinacenergie.com\/wp-content\/uploads\/2021\/02\/Photo_3-768x512.jpg 768w, https:\/\/www.sabrinacenergie.com\/wp-content\/uploads\/2021\/02\/Photo_3-90x60.jpg 90w\" sizes=\"(max-width: 1296px) 100vw, 1296px\" \/>\t\t\t\t\t\t\t\t\t\t\t<figcaption class=\"widget-image-caption wp-caption-text\">Sabrina Corcoran - th\u00e9rapeute<\/figcaption>\n\t\t\t\t\t\t\t\t\t\t<\/figure>\n\t\t\t\t\t<\/div>\n\t\t\t\t<\/div>\n\t\t\t\t<\/div>\n\t\t\t\t\t\t<\/div>\n\t\t\t\t\t<\/div>\n\t\t<\/div>\n\t\t\t\t\t\t\t\t<\/div>\n\t\t\t\t\t<\/div>\n\t\t<\/section>\n\t\t\t\t\t\t<\/div>\n\t\t\t\t\t\t<\/div>\n\t\t\t\t\t<\/div>\n\t\t","protected":false},"excerpt":{"rendered":"<p>Anciennement salari\u00e9e en entreprise, je pratiquais d\u00e9j\u00e0 les soins \u00e9nerg\u00e9tiques aupr\u00e8s de mon entourage. Mes premiers soins \u00e9nerg\u00e9tiques se sont port\u00e9s vers le mal de dos, mal de ventre, mal de t\u00eate, mal de genou, trouble digestif, insomnie, eczema et bien d&rsquo;autres maux. D\u00e8s la premi\u00e8re s\u00e9ance, le soin \u00e9nerg\u00e9tique se r\u00e9v\u00e9lait \u00eatre un succ\u00e8s &hellip; <\/p>\n","protected":false},"author":4,"featured_media":0,"parent":0,"menu_order":0,"comment_status":"closed","ping_status":"closed","template":"","meta":[],"yoast_head":"<!-- This site is optimized with the Yoast SEO plugin v15.9 - https:\/\/yoast.com\/wordpress\/plugins\/seo\/ -->\n<title>Qui suis-je? (partie 1) - Sabrina Cenergie<\/title>\n<meta name=\"robots\" content=\"index, follow, max-snippet:-1, max-image-preview:large, max-video-preview:-1\" \/>\n<link rel=\"canonical\" href=\"https:\/\/www.sabrinacenergie.com\/index.php\/qui-suis-je\/\" \/>\n<meta property=\"og:locale\" content=\"fr_FR\" \/>\n<meta property=\"og:type\" content=\"article\" \/>\n<meta property=\"og:title\" content=\"Qui suis-je? (partie 1) - Sabrina Cenergie\" \/>\n<meta property=\"og:description\" content=\"Anciennement salari\u00e9e en entreprise, je pratiquais d\u00e9j\u00e0 les soins \u00e9nerg\u00e9tiques aupr\u00e8s de mon entourage. Mes premiers soins \u00e9nerg\u00e9tiques se sont port\u00e9s vers le mal de dos, mal de ventre, mal de t\u00eate, mal de genou, trouble digestif, insomnie, eczema et bien d&rsquo;autres maux. D\u00e8s la premi\u00e8re s\u00e9ance, le soin \u00e9nerg\u00e9tique se r\u00e9v\u00e9lait \u00eatre un succ\u00e8s &hellip;\" \/>\n<meta property=\"og:url\" content=\"https:\/\/www.sabrinacenergie.com\/index.php\/qui-suis-je\/\" \/>\n<meta property=\"og:site_name\" content=\"Sabrina Cenergie\" \/>\n<meta property=\"article:modified_time\" content=\"2025-12-30T16:10:33+00:00\" \/>\n<meta property=\"og:image\" content=\"http:\/\/www.sabrinacenergie.com\/wp-content\/uploads\/2021\/02\/Photo_3.jpg\" \/>\n<meta name=\"twitter:card\" content=\"summary_large_image\" \/>\n<meta name=\"twitter:label1\" content=\"Dur\u00e9e de lecture est.\">\n\t<meta name=\"twitter:data1\" content=\"2 minutes\">\n<script type=\"application\/ld+json\" class=\"yoast-schema-graph\">{\"@context\":\"https:\/\/schema.org\",\"@graph\":[{\"@type\":\"WebSite\",\"@id\":\"https:\/\/www.sabrinacenergie.com\/#website\",\"url\":\"https:\/\/www.sabrinacenergie.com\/\",\"name\":\"Sabrina Cenergie\",\"description\":\"UNE SYNERGIE AU  SERVICE DE VOTRE SANT\\u00c9\",\"potentialAction\":[{\"@type\":\"SearchAction\",\"target\":\"https:\/\/www.sabrinacenergie.com\/?s={search_term_string}\",\"query-input\":\"required name=search_term_string\"}],\"inLanguage\":\"fr-FR\"},{\"@type\":\"ImageObject\",\"@id\":\"https:\/\/www.sabrinacenergie.com\/index.php\/qui-suis-je\/#primaryimage\",\"inLanguage\":\"fr-FR\",\"url\":\"http:\/\/www.sabrinacenergie.com\/wp-content\/uploads\/2021\/02\/Photo_3.jpg\"},{\"@type\":\"WebPage\",\"@id\":\"https:\/\/www.sabrinacenergie.com\/index.php\/qui-suis-je\/#webpage\",\"url\":\"https:\/\/www.sabrinacenergie.com\/index.php\/qui-suis-je\/\",\"name\":\"Qui suis-je? (partie 1) - Sabrina Cenergie\",\"isPartOf\":{\"@id\":\"https:\/\/www.sabrinacenergie.com\/#website\"},\"primaryImageOfPage\":{\"@id\":\"https:\/\/www.sabrinacenergie.com\/index.php\/qui-suis-je\/#primaryimage\"},\"datePublished\":\"2021-05-27T13:59:10+00:00\",\"dateModified\":\"2025-12-30T16:10:33+00:00\",\"breadcrumb\":{\"@id\":\"https:\/\/www.sabrinacenergie.com\/index.php\/qui-suis-je\/#breadcrumb\"},\"inLanguage\":\"fr-FR\",\"potentialAction\":[{\"@type\":\"ReadAction\",\"target\":[\"https:\/\/www.sabrinacenergie.com\/index.php\/qui-suis-je\/\"]}]},{\"@type\":\"BreadcrumbList\",\"@id\":\"https:\/\/www.sabrinacenergie.com\/index.php\/qui-suis-je\/#breadcrumb\",\"itemListElement\":[{\"@type\":\"ListItem\",\"position\":1,\"item\":{\"@type\":\"WebPage\",\"@id\":\"https:\/\/www.sabrinacenergie.com\/\",\"url\":\"https:\/\/www.sabrinacenergie.com\/\",\"name\":\"Accueil\"}},{\"@type\":\"ListItem\",\"position\":2,\"item\":{\"@type\":\"WebPage\",\"@id\":\"https:\/\/www.sabrinacenergie.com\/index.php\/qui-suis-je\/\",\"url\":\"https:\/\/www.sabrinacenergie.com\/index.php\/qui-suis-je\/\",\"name\":\"Qui suis-je? (partie 1)\"}}]}]}<\/script>\n<!-- \/ Yoast SEO plugin. -->","_links":{"self":[{"href":"https:\/\/www.sabrinacenergie.com\/index.php\/wp-json\/wp\/v2\/pages\/416"}],"collection":[{"href":"https:\/\/www.sabrinacenergie.com\/index.php\/wp-json\/wp\/v2\/pages"}],"about":[{"href":"https:\/\/www.sabrinacenergie.com\/index.php\/wp-json\/wp\/v2\/types\/page"}],"author":[{"embeddable":true,"href":"https:\/\/www.sabrinacenergie.com\/index.php\/wp-json\/wp\/v2\/users\/4"}],"replies":[{"embeddable":true,"href":"https:\/\/www.sabrinacenergie.com\/index.php\/wp-json\/wp\/v2\/comments?post=416"}],"version-history":[{"count":26,"href":"https:\/\/www.sabrinacenergie.com\/index.php\/wp-json\/wp\/v2\/pages\/416\/revisions"}],"predecessor-version":[{"id":649,"href":"https:\/\/www.sabrinacenergie.com\/index.php\/wp-json\/wp\/v2\/pages\/416\/revisions\/649"}],"wp:attachment":[{"href":"https:\/\/www.sabrinacenergie.com\/index.php\/wp-json\/wp\/v2\/media?parent=416"}],"curies":[{"name":"wp","href":"https:\/\/api.w.org\/{rel}","templated":true}]}}