{"id":2,"date":"2020-12-26T16:36:21","date_gmt":"2020-12-26T15:36:21","guid":{"rendered":"http:\/\/sabrinacenergie.com\/?page_id=2"},"modified":"2021-09-11T15:41:15","modified_gmt":"2021-09-11T13:41:15","slug":"3-formules-possibles","status":"publish","type":"page","link":"https:\/\/www.sabrinacenergie.com\/index.php\/3-formules-possibles\/","title":{"rendered":"3 formules possibles"},"content":{"rendered":"\t\t<div data-elementor-type=\"wp-page\" data-elementor-id=\"2\" class=\"elementor elementor-2\" data-elementor-settings=\"[]\">\n\t\t\t\t\t\t<div class=\"elementor-inner\">\n\t\t\t\t\t\t\t<div class=\"elementor-section-wrap\">\n\t\t\t\t\t\t\t<section class=\"elementor-section elementor-top-section elementor-element elementor-element-3eafd77c elementor-section-boxed elementor-section-height-default elementor-section-height-default\" data-id=\"3eafd77c\" data-element_type=\"section\">\n\t\t\t\t\t\t<div class=\"elementor-container elementor-column-gap-default\">\n\t\t\t\t\t\t\t<div class=\"elementor-row\">\n\t\t\t\t\t<div class=\"elementor-column elementor-col-100 elementor-top-column elementor-element elementor-element-54d41129\" data-id=\"54d41129\" data-element_type=\"column\">\n\t\t\t<div class=\"elementor-column-wrap elementor-element-populated\">\n\t\t\t\t\t\t\t<div class=\"elementor-widget-wrap\">\n\t\t\t\t\t\t<div class=\"elementor-element elementor-element-239d1f1b elementor-widget elementor-widget-text-editor\" data-id=\"239d1f1b\" data-element_type=\"widget\" data-widget_type=\"text-editor.default\">\n\t\t\t\t<div class=\"elementor-widget-container\">\n\t\t\t\t\t<div class=\"elementor-text-editor elementor-clearfix\"><p><!-- wp:paragraph --><\/p>\n<p>1) <b>A mon cabinet <\/b>(Meyzieu)<\/p>\n<p><!-- \/wp:paragraph --><\/p>\n<p><!-- wp:paragraph --><\/p>\n<p>2) <b>A domicile<\/b> (directement chez vous)<\/p>\n<p><!-- \/wp:paragraph --><\/p>\n<p><!-- wp:paragraph --><\/p>\n<p>3) <b>A distance<\/b> ( en \u00e9nergie, la distance est illimit\u00e9e)<\/p>\n<p><!-- \/wp:paragraph --><\/p>\n<p><!-- wp:paragraph --><\/p>\n<p><u>Dur\u00e9e du soin <\/u>: <b>60 min environ<\/b><\/p>\n<div><span style=\"font-weight: bold;\">Prise de rendez-vous uniquement par t\u00e9l\u00e9phone.<\/span><br><b><br><\/b><b>Bilan post-s\u00e9ance&nbsp;<\/b>remis sur demande et envoy\u00e9 par email.<\/div><div><br><\/div>\n<div><u>Prix du bilan<\/u>: <b>10 euros<\/b>.<\/div>\n<div>&nbsp;<\/div>\n<p><\/p>\n<p><!-- \/wp:paragraph --><\/p><\/div>\n\t\t\t\t<\/div>\n\t\t\t\t<\/div>\n\t\t\t\t\t\t<\/div>\n\t\t\t\t\t<\/div>\n\t\t<\/div>\n\t\t\t\t\t\t\t\t<\/div>\n\t\t\t\t\t<\/div>\n\t\t<\/section>\n\t\t\t\t\t\t<\/div>\n\t\t\t\t\t\t<\/div>\n\t\t\t\t\t<\/div>\n\t\t","protected":false},"excerpt":{"rendered":"<p>1) A mon cabinet (Meyzieu) 2) A domicile (directement chez vous) 3) A distance ( en \u00e9nergie, la distance est illimit\u00e9e) Dur\u00e9e du soin : 60 min environ Prise de rendez-vous uniquement par t\u00e9l\u00e9phone.Bilan post-s\u00e9ance&nbsp;remis sur demande et envoy\u00e9 par email. Prix du bilan: 10 euros. &nbsp;<\/p>\n","protected":false},"author":1,"featured_media":260,"parent":0,"menu_order":0,"comment_status":"closed","ping_status":"closed","template":"","meta":[],"yoast_head":"<!-- This site is optimized with the Yoast SEO plugin v15.9 - https:\/\/yoast.com\/wordpress\/plugins\/seo\/ -->\n<title>3 formules possibles - Sabrina Cenergie<\/title>\n<meta name=\"robots\" content=\"index, follow, max-snippet:-1, max-image-preview:large, max-video-preview:-1\" \/>\n<link rel=\"canonical\" href=\"https:\/\/www.sabrinacenergie.com\/index.php\/3-formules-possibles\/\" \/>\n<meta property=\"og:locale\" content=\"fr_FR\" \/>\n<meta property=\"og:type\" content=\"article\" \/>\n<meta property=\"og:title\" content=\"3 formules possibles - Sabrina Cenergie\" \/>\n<meta property=\"og:description\" content=\"1) A mon cabinet (Meyzieu) 2) A domicile (directement chez vous) 3) A distance ( en \u00e9nergie, la distance est illimit\u00e9e) Dur\u00e9e du soin : 60 min environ Prise de rendez-vous uniquement par t\u00e9l\u00e9phone.Bilan post-s\u00e9ance&nbsp;remis sur demande et envoy\u00e9 par email. Prix du bilan: 10 euros. &nbsp;\" \/>\n<meta property=\"og:url\" content=\"https:\/\/www.sabrinacenergie.com\/index.php\/3-formules-possibles\/\" \/>\n<meta property=\"og:site_name\" content=\"Sabrina Cenergie\" \/>\n<meta property=\"article:modified_time\" content=\"2021-09-11T13:41:15+00:00\" \/>\n<meta property=\"og:image\" content=\"https:\/\/www.sabrinacenergie.com\/wp-content\/uploads\/2021\/01\/Options.jpg\" \/>\n\t<meta property=\"og:image:width\" content=\"1747\" \/>\n\t<meta property=\"og:image:height\" content=\"1240\" \/>\n<meta name=\"twitter:card\" content=\"summary_large_image\" \/>\n<meta name=\"twitter:label1\" content=\"Dur\u00e9e de lecture est.\">\n\t<meta name=\"twitter:data1\" content=\"1 minute\">\n<script type=\"application\/ld+json\" class=\"yoast-schema-graph\">{\"@context\":\"https:\/\/schema.org\",\"@graph\":[{\"@type\":\"WebSite\",\"@id\":\"https:\/\/www.sabrinacenergie.com\/#website\",\"url\":\"https:\/\/www.sabrinacenergie.com\/\",\"name\":\"Sabrina Cenergie\",\"description\":\"UNE SYNERGIE AU  SERVICE DE VOTRE SANT\\u00c9\",\"potentialAction\":[{\"@type\":\"SearchAction\",\"target\":\"https:\/\/www.sabrinacenergie.com\/?s={search_term_string}\",\"query-input\":\"required name=search_term_string\"}],\"inLanguage\":\"fr-FR\"},{\"@type\":\"ImageObject\",\"@id\":\"https:\/\/www.sabrinacenergie.com\/index.php\/3-formules-possibles\/#primaryimage\",\"inLanguage\":\"fr-FR\",\"url\":\"https:\/\/www.sabrinacenergie.com\/wp-content\/uploads\/2021\/01\/Options.jpg\",\"width\":1747,\"height\":1240},{\"@type\":\"WebPage\",\"@id\":\"https:\/\/www.sabrinacenergie.com\/index.php\/3-formules-possibles\/#webpage\",\"url\":\"https:\/\/www.sabrinacenergie.com\/index.php\/3-formules-possibles\/\",\"name\":\"3 formules possibles - Sabrina Cenergie\",\"isPartOf\":{\"@id\":\"https:\/\/www.sabrinacenergie.com\/#website\"},\"primaryImageOfPage\":{\"@id\":\"https:\/\/www.sabrinacenergie.com\/index.php\/3-formules-possibles\/#primaryimage\"},\"datePublished\":\"2020-12-26T15:36:21+00:00\",\"dateModified\":\"2021-09-11T13:41:15+00:00\",\"breadcrumb\":{\"@id\":\"https:\/\/www.sabrinacenergie.com\/index.php\/3-formules-possibles\/#breadcrumb\"},\"inLanguage\":\"fr-FR\",\"potentialAction\":[{\"@type\":\"ReadAction\",\"target\":[\"https:\/\/www.sabrinacenergie.com\/index.php\/3-formules-possibles\/\"]}]},{\"@type\":\"BreadcrumbList\",\"@id\":\"https:\/\/www.sabrinacenergie.com\/index.php\/3-formules-possibles\/#breadcrumb\",\"itemListElement\":[{\"@type\":\"ListItem\",\"position\":1,\"item\":{\"@type\":\"WebPage\",\"@id\":\"https:\/\/www.sabrinacenergie.com\/\",\"url\":\"https:\/\/www.sabrinacenergie.com\/\",\"name\":\"Accueil\"}},{\"@type\":\"ListItem\",\"position\":2,\"item\":{\"@type\":\"WebPage\",\"@id\":\"https:\/\/www.sabrinacenergie.com\/index.php\/3-formules-possibles\/\",\"url\":\"https:\/\/www.sabrinacenergie.com\/index.php\/3-formules-possibles\/\",\"name\":\"3 formules possibles\"}}]}]}<\/script>\n<!-- \/ Yoast SEO plugin. -->","_links":{"self":[{"href":"https:\/\/www.sabrinacenergie.com\/index.php\/wp-json\/wp\/v2\/pages\/2"}],"collection":[{"href":"https:\/\/www.sabrinacenergie.com\/index.php\/wp-json\/wp\/v2\/pages"}],"about":[{"href":"https:\/\/www.sabrinacenergie.com\/index.php\/wp-json\/wp\/v2\/types\/page"}],"author":[{"embeddable":true,"href":"https:\/\/www.sabrinacenergie.com\/index.php\/wp-json\/wp\/v2\/users\/1"}],"replies":[{"embeddable":true,"href":"https:\/\/www.sabrinacenergie.com\/index.php\/wp-json\/wp\/v2\/comments?post=2"}],"version-history":[{"count":18,"href":"https:\/\/www.sabrinacenergie.com\/index.php\/wp-json\/wp\/v2\/pages\/2\/revisions"}],"predecessor-version":[{"id":476,"href":"https:\/\/www.sabrinacenergie.com\/index.php\/wp-json\/wp\/v2\/pages\/2\/revisions\/476"}],"wp:featuredmedia":[{"embeddable":true,"href":"https:\/\/www.sabrinacenergie.com\/index.php\/wp-json\/wp\/v2\/media\/260"}],"wp:attachment":[{"href":"https:\/\/www.sabrinacenergie.com\/index.php\/wp-json\/wp\/v2\/media?parent=2"}],"curies":[{"name":"wp","href":"https:\/\/api.w.org\/{rel}","templated":true}]}}