{"id":14,"date":"2020-12-26T17:30:58","date_gmt":"2020-12-26T16:30:58","guid":{"rendered":"http:\/\/www.sabrinacenergie.com\/?page_id=14"},"modified":"2021-01-21T16:02:28","modified_gmt":"2021-01-21T15:02:28","slug":"3-en-1-cest-3-etapes-en-1-seance","status":"publish","type":"page","link":"https:\/\/www.sabrinacenergie.com\/index.php\/3-en-1-cest-3-etapes-en-1-seance\/","title":{"rendered":"3 en 1 c&rsquo;est 3 \u00e9tapes en 1 s\u00e9ance"},"content":{"rendered":"\t\t<div data-elementor-type=\"wp-page\" data-elementor-id=\"14\" class=\"elementor elementor-14\" data-elementor-settings=\"[]\">\n\t\t\t\t\t\t<div class=\"elementor-inner\">\n\t\t\t\t\t\t\t<div class=\"elementor-section-wrap\">\n\t\t\t\t\t\t\t<section class=\"elementor-section elementor-top-section elementor-element elementor-element-24d285f7 elementor-section-boxed elementor-section-height-default elementor-section-height-default\" data-id=\"24d285f7\" data-element_type=\"section\">\n\t\t\t\t\t\t<div class=\"elementor-container elementor-column-gap-default\">\n\t\t\t\t\t\t\t<div class=\"elementor-row\">\n\t\t\t\t\t<div class=\"elementor-column elementor-col-100 elementor-top-column elementor-element elementor-element-f070fe0\" data-id=\"f070fe0\" data-element_type=\"column\">\n\t\t\t<div class=\"elementor-column-wrap elementor-element-populated\">\n\t\t\t\t\t\t\t<div class=\"elementor-widget-wrap\">\n\t\t\t\t\t\t<div class=\"elementor-element elementor-element-8afb18c elementor-widget elementor-widget-text-editor\" data-id=\"8afb18c\" data-element_type=\"widget\" data-widget_type=\"text-editor.default\">\n\t\t\t\t<div class=\"elementor-widget-container\">\n\t\t\t\t\t<div class=\"elementor-text-editor elementor-clearfix\"><!-- wp:paragraph -->\n<p><strong>1\u00e8re \u00e9tape : d\u00e9tection des maux<\/strong><\/p>\n<!-- \/wp:paragraph -->\n\n<!-- wp:paragraph -->\n<p><em>Certains maux sont parfois d\u00e9couverts lors de la s\u00e9ance<\/em><\/p>\n<!-- \/wp:paragraph -->\n\n<!-- wp:paragraph -->\n<p><strong>2\u00e8 \u00e9tape : soin physique<\/strong><\/p>\n<!-- \/wp:paragraph -->\n\n<!-- wp:paragraph -->\n<p><em>Selon la pathologie, je peux r\u00e9aliser des manipulations ou des massages sur le corps physique<\/em><\/p>\n<!-- \/wp:paragraph -->\n\n<!-- wp:paragraph -->\n<p><strong>3\u00e8 \u00e9tape : soin energ\u00e9tique<\/strong><\/p>\n<!-- \/wp:paragraph -->\n\n<!-- wp:paragraph -->\n<p><em>Je r\u00e9\u00e9quilibre vos chakras, vos centres \u00e9nerg\u00e9tiques, \u00e9tape essentielle \u00e0 la gu\u00e9rison<\/em><\/p>\n<!-- \/wp:paragraph -->\n\n<!-- wp:paragraph -->\n<p><em><strong>Des douleurs peuvent persister ou s&rsquo;intensifier jusqu&rsquo;\u00e0 3 jours apr\u00e8s le soin, le temps du r\u00e9\u00e9quilibrage.<\/strong><\/em><\/p>\n<!-- \/wp:paragraph --><\/div>\n\t\t\t\t<\/div>\n\t\t\t\t<\/div>\n\t\t\t\t\t\t<\/div>\n\t\t\t\t\t<\/div>\n\t\t<\/div>\n\t\t\t\t\t\t\t\t<\/div>\n\t\t\t\t\t<\/div>\n\t\t<\/section>\n\t\t\t\t\t\t<\/div>\n\t\t\t\t\t\t<\/div>\n\t\t\t\t\t<\/div>\n\t\t","protected":false},"excerpt":{"rendered":"<p>1\u00e8re \u00e9tape : d\u00e9tection des maux Certains maux sont parfois d\u00e9couverts lors de la s\u00e9ance 2\u00e8 \u00e9tape : soin physique Selon la pathologie, je peux r\u00e9aliser des manipulations ou des massages sur le corps physique 3\u00e8 \u00e9tape : soin energ\u00e9tique Je r\u00e9\u00e9quilibre vos chakras, vos centres \u00e9nerg\u00e9tiques, \u00e9tape essentielle \u00e0 la gu\u00e9rison Des douleurs peuvent &hellip; <\/p>\n","protected":false},"author":1,"featured_media":0,"parent":0,"menu_order":0,"comment_status":"closed","ping_status":"closed","template":"","meta":[],"yoast_head":"<!-- This site is optimized with the Yoast SEO plugin v15.9 - https:\/\/yoast.com\/wordpress\/plugins\/seo\/ -->\n<title>3 en 1 c&#039;est 3 \u00e9tapes en 1 s\u00e9ance - Sabrina Cenergie<\/title>\n<meta name=\"robots\" content=\"index, follow, max-snippet:-1, max-image-preview:large, max-video-preview:-1\" \/>\n<link rel=\"canonical\" href=\"https:\/\/www.sabrinacenergie.com\/index.php\/3-en-1-cest-3-etapes-en-1-seance\/\" \/>\n<meta property=\"og:locale\" content=\"fr_FR\" \/>\n<meta property=\"og:type\" content=\"article\" \/>\n<meta property=\"og:title\" content=\"3 en 1 c&#039;est 3 \u00e9tapes en 1 s\u00e9ance - Sabrina Cenergie\" \/>\n<meta property=\"og:description\" content=\"1\u00e8re \u00e9tape : d\u00e9tection des maux Certains maux sont parfois d\u00e9couverts lors de la s\u00e9ance 2\u00e8 \u00e9tape : soin physique Selon la pathologie, je peux r\u00e9aliser des manipulations ou des massages sur le corps physique 3\u00e8 \u00e9tape : soin energ\u00e9tique Je r\u00e9\u00e9quilibre vos chakras, vos centres \u00e9nerg\u00e9tiques, \u00e9tape essentielle \u00e0 la gu\u00e9rison Des douleurs peuvent &hellip;\" \/>\n<meta property=\"og:url\" content=\"https:\/\/www.sabrinacenergie.com\/index.php\/3-en-1-cest-3-etapes-en-1-seance\/\" \/>\n<meta property=\"og:site_name\" content=\"Sabrina Cenergie\" \/>\n<meta property=\"article:modified_time\" content=\"2021-01-21T15:02:28+00:00\" \/>\n<meta name=\"twitter:card\" content=\"summary_large_image\" \/>\n<meta name=\"twitter:label1\" content=\"Dur\u00e9e de lecture est.\">\n\t<meta name=\"twitter:data1\" content=\"1 minute\">\n<script type=\"application\/ld+json\" class=\"yoast-schema-graph\">{\"@context\":\"https:\/\/schema.org\",\"@graph\":[{\"@type\":\"WebSite\",\"@id\":\"https:\/\/www.sabrinacenergie.com\/#website\",\"url\":\"https:\/\/www.sabrinacenergie.com\/\",\"name\":\"Sabrina Cenergie\",\"description\":\"UNE SYNERGIE AU  SERVICE DE VOTRE SANT\\u00c9\",\"potentialAction\":[{\"@type\":\"SearchAction\",\"target\":\"https:\/\/www.sabrinacenergie.com\/?s={search_term_string}\",\"query-input\":\"required name=search_term_string\"}],\"inLanguage\":\"fr-FR\"},{\"@type\":\"WebPage\",\"@id\":\"https:\/\/www.sabrinacenergie.com\/index.php\/3-en-1-cest-3-etapes-en-1-seance\/#webpage\",\"url\":\"https:\/\/www.sabrinacenergie.com\/index.php\/3-en-1-cest-3-etapes-en-1-seance\/\",\"name\":\"3 en 1 c'est 3 \\u00e9tapes en 1 s\\u00e9ance - Sabrina Cenergie\",\"isPartOf\":{\"@id\":\"https:\/\/www.sabrinacenergie.com\/#website\"},\"datePublished\":\"2020-12-26T16:30:58+00:00\",\"dateModified\":\"2021-01-21T15:02:28+00:00\",\"breadcrumb\":{\"@id\":\"https:\/\/www.sabrinacenergie.com\/index.php\/3-en-1-cest-3-etapes-en-1-seance\/#breadcrumb\"},\"inLanguage\":\"fr-FR\",\"potentialAction\":[{\"@type\":\"ReadAction\",\"target\":[\"https:\/\/www.sabrinacenergie.com\/index.php\/3-en-1-cest-3-etapes-en-1-seance\/\"]}]},{\"@type\":\"BreadcrumbList\",\"@id\":\"https:\/\/www.sabrinacenergie.com\/index.php\/3-en-1-cest-3-etapes-en-1-seance\/#breadcrumb\",\"itemListElement\":[{\"@type\":\"ListItem\",\"position\":1,\"item\":{\"@type\":\"WebPage\",\"@id\":\"https:\/\/www.sabrinacenergie.com\/\",\"url\":\"https:\/\/www.sabrinacenergie.com\/\",\"name\":\"Accueil\"}},{\"@type\":\"ListItem\",\"position\":2,\"item\":{\"@type\":\"WebPage\",\"@id\":\"https:\/\/www.sabrinacenergie.com\/index.php\/3-en-1-cest-3-etapes-en-1-seance\/\",\"url\":\"https:\/\/www.sabrinacenergie.com\/index.php\/3-en-1-cest-3-etapes-en-1-seance\/\",\"name\":\"3 en 1 c&rsquo;est 3 \\u00e9tapes en 1 s\\u00e9ance\"}}]}]}<\/script>\n<!-- \/ Yoast SEO plugin. -->","_links":{"self":[{"href":"https:\/\/www.sabrinacenergie.com\/index.php\/wp-json\/wp\/v2\/pages\/14"}],"collection":[{"href":"https:\/\/www.sabrinacenergie.com\/index.php\/wp-json\/wp\/v2\/pages"}],"about":[{"href":"https:\/\/www.sabrinacenergie.com\/index.php\/wp-json\/wp\/v2\/types\/page"}],"author":[{"embeddable":true,"href":"https:\/\/www.sabrinacenergie.com\/index.php\/wp-json\/wp\/v2\/users\/1"}],"replies":[{"embeddable":true,"href":"https:\/\/www.sabrinacenergie.com\/index.php\/wp-json\/wp\/v2\/comments?post=14"}],"version-history":[{"count":17,"href":"https:\/\/www.sabrinacenergie.com\/index.php\/wp-json\/wp\/v2\/pages\/14\/revisions"}],"predecessor-version":[{"id":222,"href":"https:\/\/www.sabrinacenergie.com\/index.php\/wp-json\/wp\/v2\/pages\/14\/revisions\/222"}],"wp:attachment":[{"href":"https:\/\/www.sabrinacenergie.com\/index.php\/wp-json\/wp\/v2\/media?parent=14"}],"curies":[{"name":"wp","href":"https:\/\/api.w.org\/{rel}","templated":true}]}}