{"id":13,"date":"2020-12-26T17:30:58","date_gmt":"2020-12-26T16:30:58","guid":{"rendered":"http:\/\/www.sabrinacenergie.com\/?page_id=13"},"modified":"2021-09-11T15:40:14","modified_gmt":"2021-09-11T13:40:14","slug":"mes-3-missions","status":"publish","type":"page","link":"https:\/\/www.sabrinacenergie.com\/index.php\/mes-3-missions\/","title":{"rendered":"Mes 3 missions"},"content":{"rendered":"\t\t<div data-elementor-type=\"wp-page\" data-elementor-id=\"13\" class=\"elementor elementor-13\" data-elementor-settings=\"[]\">\n\t\t\t\t\t\t<div class=\"elementor-inner\">\n\t\t\t\t\t\t\t<div class=\"elementor-section-wrap\">\n\t\t\t\t\t\t\t<section class=\"elementor-section elementor-top-section elementor-element elementor-element-40deec46 elementor-section-boxed elementor-section-height-default elementor-section-height-default\" data-id=\"40deec46\" data-element_type=\"section\">\n\t\t\t\t\t\t<div class=\"elementor-container elementor-column-gap-default\">\n\t\t\t\t\t\t\t<div class=\"elementor-row\">\n\t\t\t\t\t<div class=\"elementor-column elementor-col-100 elementor-top-column elementor-element elementor-element-6b2f6056\" data-id=\"6b2f6056\" data-element_type=\"column\">\n\t\t\t<div class=\"elementor-column-wrap elementor-element-populated\">\n\t\t\t\t\t\t\t<div class=\"elementor-widget-wrap\">\n\t\t\t\t\t\t<div class=\"elementor-element elementor-element-797160dc elementor-widget elementor-widget-text-editor\" data-id=\"797160dc\" data-element_type=\"widget\" data-widget_type=\"text-editor.default\">\n\t\t\t\t<div class=\"elementor-widget-container\">\n\t\t\t\t\t<div class=\"elementor-text-editor elementor-clearfix\"><p style=\"text-align: center;\"><em><strong>Accompagnement, Lib\u00e9ration, \u00c9quilibre<\/strong><\/em><em style=\"font-family: var( --e-global-typography-secondary-font-family ), Sans-serif; font-weight: var( --e-global-typography-secondary-font-weight );\"><strong>&nbsp;<\/strong><\/em><\/p>\n<p><!-- wp:image {\"align\":\"center\",\"id\":218,\"sizeSlug\":\"large\",\"linkDestination\":\"none\"} --><\/p>\n<h6>\n<p style=\"line-height: 18pt; background-image: initial; background-position: initial; background-size: initial; background-repeat: initial; background-attachment: initial; background-origin: initial; background-clip: initial;\"><span lang=\"FR\" style=\"font-size: 15pt; font-family: Arial, sans-serif; color: rgb(102, 102, 102);\"><span style=\"font-weight: normal;\">Je&nbsp;vous <\/span>accompagne<\/span><span lang=\"FR\" style=\"font-size:15.0pt;font-family: &quot;Arial&quot;,sans-serif;mso-fareast-font-family:&quot;Times New Roman&quot;;color:#666666; mso-ansi-language:FR;mso-fareast-language:EN-GB\">&nbsp;<span style=\"font-weight: normal;\">\u00e0 la d\u00e9couverte de vous-m\u00eame.<\/span><o:p><\/o:p><\/span><\/p>\n<p style=\"margin-bottom: 18pt; line-height: normal; background-image: initial; background-position: initial; background-size: initial; background-repeat: initial; background-attachment: initial; background-origin: initial; background-clip: initial;\"><span lang=\"FR\" style=\"font-size: 15pt; font-family: Arial, sans-serif; color: rgb(102, 102, 102); font-weight: normal;\">Je vous aide<\/span><span lang=\"FR\" style=\"font-size:15.0pt;font-family:&quot;Arial&quot;,sans-serif;mso-fareast-font-family: &quot;Times New Roman&quot;;color:#666666;mso-ansi-language:FR;mso-fareast-language:EN-GB\"><span style=\"font-weight: normal;\">&nbsp;\u00e0 vous <\/span>lib\u00e9rer <span style=\"font-weight: normal;\">de vos maux physiques et \u00e9motionnels.<\/span><o:p><\/o:p><\/span><\/p>\n<p style=\"margin-bottom: 18pt; line-height: normal; background-image: initial; background-position: initial; background-size: initial; background-repeat: initial; background-attachment: initial; background-origin: initial; background-clip: initial;\"><b><span lang=\"FR\" style=\"font-size: 15.0pt;font-family:&quot;Arial&quot;,sans-serif;mso-fareast-font-family:&quot;Times New Roman&quot;; color:#666666;mso-ansi-language:FR;mso-fareast-language:EN-GB\">Je r\u00e9alise&nbsp;les&nbsp;soins<\/span><\/b><span lang=\"FR\" style=\"font-size:15.0pt;font-family:&quot;Arial&quot;,sans-serif; mso-fareast-font-family:&quot;Times New Roman&quot;;color:#666666;mso-ansi-language:FR; mso-fareast-language:EN-GB\">&nbsp;<span style=\"font-weight: normal;\">n\u00e9cessaires \u00e0 votre&nbsp;<\/span><\/span><span lang=\"FR\" style=\"font-size: 15pt; font-weight: var( --e-global-typography-secondary-font-weight ); background-image: initial; background-position: initial; background-size: initial; background-repeat: initial; background-attachment: initial; background-origin: initial; background-clip: initial; line-height: 107%; font-family: Arial, sans-serif; color: rgb(102, 102, 102);\">r\u00e9\u00e9quilibrage<\/span><span style=\"font-size: 15pt; font-weight: var( --e-global-typography-secondary-font-weight ); background-image: initial; background-position: initial; background-size: initial; background-repeat: initial; background-attachment: initial; background-origin: initial; background-clip: initial; line-height: 107%; font-family: Arial, sans-serif; color: rgb(102, 102, 102);\">&nbsp;<\/span><span style=\"font-weight: normal; color: rgb(102, 102, 102); font-family: Arial, sans-serif; font-size: 15pt;\">\u00e9nerg\u00e9tique.<\/span><\/p>\n<p style=\"margin-bottom: 18pt; line-height: normal; background-image: initial; background-position: initial; background-size: initial; background-repeat: initial; background-attachment: initial; background-origin: initial; background-clip: initial;\"><span lang=\"FR\" style=\"font-size: 15pt; font-family: Arial, sans-serif; color: rgb(102, 102, 102); font-weight: normal;\">Au fil de mon exp\u00e9rience, je constate que les&nbsp;consultants ont besoin d&rsquo;\u00eatre \u00e0 l&rsquo;\u00e9coute de leurs corps.<o:p><\/o:p><\/span><\/p>\n<p style=\"margin-bottom: 18pt; line-height: normal; background-image: initial; background-position: initial; background-size: initial; background-repeat: initial; background-attachment: initial; background-origin: initial; background-clip: initial;\"><span lang=\"FR\" style=\"font-size: 15pt; font-family: Arial, sans-serif; color: rgb(102, 102, 102); font-weight: normal;\">Les maux sont souvent ignor\u00e9s jusqu&rsquo;\u00e0 ce que la douleur soit trop vive.<o:p><\/o:p><\/span><\/p>\n<p style=\"margin-bottom: 18pt; line-height: normal; background-image: initial; background-position: initial; background-size: initial; background-repeat: initial; background-attachment: initial; background-origin: initial; background-clip: initial;\"><span lang=\"FR\" style=\"font-size:15.0pt;font-family:&quot;Arial&quot;,sans-serif; mso-fareast-font-family:&quot;Times New Roman&quot;;color:#666666;mso-ansi-language:FR; mso-fareast-language:EN-GB\"><span style=\"font-weight: normal;\">Le corps et l&rsquo;esprit portent des souffrances&nbsp;parfois endormies. Elles se r\u00e9veillent par des douleurs physiques ou psychiques&nbsp;\u00e0 des moments cl\u00e9 de la vie.<\/span><o:p><\/o:p><\/span><\/p>\n<p style=\"margin-bottom: 18pt; line-height: normal; background-image: initial; background-position: initial; background-size: initial; background-repeat: initial; background-attachment: initial; background-origin: initial; background-clip: initial;\"><b><span lang=\"FR\" style=\"font-size: 15.0pt;font-family:&quot;Arial&quot;,sans-serif;mso-fareast-font-family:&quot;Times New Roman&quot;; color:#666666;mso-ansi-language:FR;mso-fareast-language:EN-GB\">Pathologies<\/span><\/b><span lang=\"FR\" style=\"font-size:15.0pt;font-family:&quot;Arial&quot;,sans-serif;mso-fareast-font-family: &quot;Times New Roman&quot;;color:#666666;mso-ansi-language:FR;mso-fareast-language:EN-GB\">&nbsp;:&nbsp;<span style=\"font-weight: normal;\">mal de dos, douleur articulaire, polyarthrite, ecz\u00e9ma, migraines, \u00e9nur\u00e9sie,<br>stress, angoisse, br\u00fblure &#8211; liste non exhaustive.<\/span><o:p><\/o:p><\/span><\/p>\n<\/h6>\n<div>\n<\/div>\n<p><!-- \/wp:paragraph --><\/p><\/div>\n\t\t\t\t<\/div>\n\t\t\t\t<\/div>\n\t\t\t\t\t\t<\/div>\n\t\t\t\t\t<\/div>\n\t\t<\/div>\n\t\t\t\t\t\t\t\t<\/div>\n\t\t\t\t\t<\/div>\n\t\t<\/section>\n\t\t\t\t\t\t<\/div>\n\t\t\t\t\t\t<\/div>\n\t\t\t\t\t<\/div>\n\t\t","protected":false},"excerpt":{"rendered":"<p>Accompagnement, Lib\u00e9ration, \u00c9quilibre&nbsp;<\/p>\n","protected":false},"author":1,"featured_media":218,"parent":0,"menu_order":0,"comment_status":"closed","ping_status":"closed","template":"","meta":[],"yoast_head":"<!-- This site is optimized with the Yoast SEO plugin v15.9 - https:\/\/yoast.com\/wordpress\/plugins\/seo\/ -->\n<title>Mes 3 missions - Sabrina Cenergie<\/title>\n<meta name=\"description\" content=\"Un accompagnement pour soigner vos maux physiques et psychologiques en retrouvant un \u00e9quilibre interne bas\u00e9 sur la gestion des \u00e9motions.\" \/>\n<meta name=\"robots\" content=\"index, follow, max-snippet:-1, max-image-preview:large, max-video-preview:-1\" \/>\n<link rel=\"canonical\" href=\"https:\/\/www.sabrinacenergie.com\/index.php\/mes-3-missions\/\" \/>\n<meta property=\"og:locale\" content=\"fr_FR\" \/>\n<meta property=\"og:type\" content=\"article\" \/>\n<meta property=\"og:title\" content=\"Mes 3 missions - Sabrina Cenergie\" \/>\n<meta property=\"og:description\" content=\"Un accompagnement pour soigner vos maux physiques et psychologiques en retrouvant un \u00e9quilibre interne bas\u00e9 sur la gestion des \u00e9motions.\" \/>\n<meta property=\"og:url\" content=\"https:\/\/www.sabrinacenergie.com\/index.php\/mes-3-missions\/\" \/>\n<meta property=\"og:site_name\" content=\"Sabrina Cenergie\" \/>\n<meta property=\"article:modified_time\" content=\"2021-09-11T13:40:14+00:00\" \/>\n<meta property=\"og:image\" content=\"https:\/\/www.sabrinacenergie.com\/wp-content\/uploads\/2021\/01\/Main.jpg\" \/>\n\t<meta property=\"og:image:width\" content=\"1747\" \/>\n\t<meta property=\"og:image:height\" content=\"1240\" \/>\n<meta name=\"twitter:card\" content=\"summary_large_image\" \/>\n<meta name=\"twitter:label1\" content=\"Dur\u00e9e de lecture est.\">\n\t<meta name=\"twitter:data1\" content=\"1 minute\">\n<script type=\"application\/ld+json\" class=\"yoast-schema-graph\">{\"@context\":\"https:\/\/schema.org\",\"@graph\":[{\"@type\":\"WebSite\",\"@id\":\"https:\/\/www.sabrinacenergie.com\/#website\",\"url\":\"https:\/\/www.sabrinacenergie.com\/\",\"name\":\"Sabrina Cenergie\",\"description\":\"UNE SYNERGIE AU  SERVICE DE VOTRE SANT\\u00c9\",\"potentialAction\":[{\"@type\":\"SearchAction\",\"target\":\"https:\/\/www.sabrinacenergie.com\/?s={search_term_string}\",\"query-input\":\"required name=search_term_string\"}],\"inLanguage\":\"fr-FR\"},{\"@type\":\"ImageObject\",\"@id\":\"https:\/\/www.sabrinacenergie.com\/index.php\/mes-3-missions\/#primaryimage\",\"inLanguage\":\"fr-FR\",\"url\":\"https:\/\/www.sabrinacenergie.com\/wp-content\/uploads\/2021\/01\/Main.jpg\",\"width\":1747,\"height\":1240},{\"@type\":\"WebPage\",\"@id\":\"https:\/\/www.sabrinacenergie.com\/index.php\/mes-3-missions\/#webpage\",\"url\":\"https:\/\/www.sabrinacenergie.com\/index.php\/mes-3-missions\/\",\"name\":\"Mes 3 missions - Sabrina Cenergie\",\"isPartOf\":{\"@id\":\"https:\/\/www.sabrinacenergie.com\/#website\"},\"primaryImageOfPage\":{\"@id\":\"https:\/\/www.sabrinacenergie.com\/index.php\/mes-3-missions\/#primaryimage\"},\"datePublished\":\"2020-12-26T16:30:58+00:00\",\"dateModified\":\"2021-09-11T13:40:14+00:00\",\"description\":\"Un accompagnement pour soigner vos maux physiques et psychologiques en retrouvant un \\u00e9quilibre interne bas\\u00e9 sur la gestion des \\u00e9motions.\",\"breadcrumb\":{\"@id\":\"https:\/\/www.sabrinacenergie.com\/index.php\/mes-3-missions\/#breadcrumb\"},\"inLanguage\":\"fr-FR\",\"potentialAction\":[{\"@type\":\"ReadAction\",\"target\":[\"https:\/\/www.sabrinacenergie.com\/index.php\/mes-3-missions\/\"]}]},{\"@type\":\"BreadcrumbList\",\"@id\":\"https:\/\/www.sabrinacenergie.com\/index.php\/mes-3-missions\/#breadcrumb\",\"itemListElement\":[{\"@type\":\"ListItem\",\"position\":1,\"item\":{\"@type\":\"WebPage\",\"@id\":\"https:\/\/www.sabrinacenergie.com\/\",\"url\":\"https:\/\/www.sabrinacenergie.com\/\",\"name\":\"Accueil\"}},{\"@type\":\"ListItem\",\"position\":2,\"item\":{\"@type\":\"WebPage\",\"@id\":\"https:\/\/www.sabrinacenergie.com\/index.php\/mes-3-missions\/\",\"url\":\"https:\/\/www.sabrinacenergie.com\/index.php\/mes-3-missions\/\",\"name\":\"Mes 3 missions\"}}]}]}<\/script>\n<!-- \/ Yoast SEO plugin. -->","_links":{"self":[{"href":"https:\/\/www.sabrinacenergie.com\/index.php\/wp-json\/wp\/v2\/pages\/13"}],"collection":[{"href":"https:\/\/www.sabrinacenergie.com\/index.php\/wp-json\/wp\/v2\/pages"}],"about":[{"href":"https:\/\/www.sabrinacenergie.com\/index.php\/wp-json\/wp\/v2\/types\/page"}],"author":[{"embeddable":true,"href":"https:\/\/www.sabrinacenergie.com\/index.php\/wp-json\/wp\/v2\/users\/1"}],"replies":[{"embeddable":true,"href":"https:\/\/www.sabrinacenergie.com\/index.php\/wp-json\/wp\/v2\/comments?post=13"}],"version-history":[{"count":21,"href":"https:\/\/www.sabrinacenergie.com\/index.php\/wp-json\/wp\/v2\/pages\/13\/revisions"}],"predecessor-version":[{"id":472,"href":"https:\/\/www.sabrinacenergie.com\/index.php\/wp-json\/wp\/v2\/pages\/13\/revisions\/472"}],"wp:featuredmedia":[{"embeddable":true,"href":"https:\/\/www.sabrinacenergie.com\/index.php\/wp-json\/wp\/v2\/media\/218"}],"wp:attachment":[{"href":"https:\/\/www.sabrinacenergie.com\/index.php\/wp-json\/wp\/v2\/media?parent=13"}],"curies":[{"name":"wp","href":"https:\/\/api.w.org\/{rel}","templated":true}]}}