{"id":12,"date":"2020-12-26T17:30:58","date_gmt":"2020-12-26T16:30:58","guid":{"rendered":"http:\/\/www.sabrinacenergie.com\/?page_id=12"},"modified":"2021-01-24T17:56:31","modified_gmt":"2021-01-24T16:56:31","slug":"mes-3-clefs-de-guerison","status":"publish","type":"page","link":"https:\/\/www.sabrinacenergie.com\/index.php\/mes-3-clefs-de-guerison\/","title":{"rendered":"Mes 3 clefs de gu\u00e9rison"},"content":{"rendered":"\t\t<div data-elementor-type=\"wp-page\" data-elementor-id=\"12\" class=\"elementor elementor-12\" data-elementor-settings=\"[]\">\n\t\t\t\t\t\t<div class=\"elementor-inner\">\n\t\t\t\t\t\t\t<div class=\"elementor-section-wrap\">\n\t\t\t\t\t\t\t<section class=\"elementor-section elementor-top-section elementor-element elementor-element-604aec32 elementor-section-boxed elementor-section-height-default elementor-section-height-default\" data-id=\"604aec32\" data-element_type=\"section\">\n\t\t\t\t\t\t<div class=\"elementor-container elementor-column-gap-default\">\n\t\t\t\t\t\t\t<div class=\"elementor-row\">\n\t\t\t\t\t<div class=\"elementor-column elementor-col-100 elementor-top-column elementor-element elementor-element-3ad77cd7\" data-id=\"3ad77cd7\" data-element_type=\"column\">\n\t\t\t<div class=\"elementor-column-wrap elementor-element-populated\">\n\t\t\t\t\t\t\t<div class=\"elementor-widget-wrap\">\n\t\t\t\t\t\t<div class=\"elementor-element elementor-element-58ad7d17 elementor-widget elementor-widget-text-editor\" data-id=\"58ad7d17\" data-element_type=\"widget\" data-widget_type=\"text-editor.default\">\n\t\t\t\t<div class=\"elementor-widget-container\">\n\t\t\t\t\t<div class=\"elementor-text-editor elementor-clearfix\"><p><!-- wp:paragraph {\"align\":\"center\"} --><\/p>\n<p class=\"has-text-align-center\"><strong><em>Amour, Confiance, Patience<\/em><\/strong><\/p>\n<p><!-- \/wp:paragraph --><!-- wp:paragraph --><\/p>\n<p>Je suis praticienne magn\u00e9tiseuse.<\/p>\n<p><!-- \/wp:paragraph --><!-- wp:paragraph --><\/p>\n<p>Je r\u00e9\u00e9quilibre les \u00e9nergies vitales en r\u00e9alisant des soins \u00e9nerg\u00e9tiques.<\/p>\n<p><!-- \/wp:paragraph --><!-- wp:paragraph --><\/p>\n<p>Je vous propose un accompagnement sur le chemin de la gu\u00e9rison.<\/p>\n<p><!-- \/wp:paragraph --><!-- wp:image {\"align\":\"center\",\"id\":62,\"sizeSlug\":\"large\",\"linkDestination\":\"none\"} --><\/p>\n<div class=\"wp-block-image\">\u00a0<strong style=\"color: var( --e-global-color-text ); font-family: var( --e-global-typography-text-font-family ), Sans-serif;\">Amour : <\/strong><span style=\"color: var( --e-global-color-text ); font-family: var( --e-global-typography-text-font-family ), Sans-serif; font-weight: var( --e-global-typography-text-font-weight );\">les soins que je donne sont dans la bienveillance. J&rsquo;ai une vraie volont\u00e9 d&rsquo;aider, de soulager et d&rsquo;accompagner.<\/span><\/div>\n<p><!-- \/wp:paragraph --><!-- wp:paragraph --><\/p>\n<p><strong>Confiance <\/strong>: j&rsquo;ai confiance en la vie, j&rsquo;ai confiance en vous, j&rsquo;ai confiance en moi. Cette alchimie est une pure merveille qui invite \u00e0 la gu\u00e9rison et au mieux-\u00eatre.<\/p>\n<p><!-- \/wp:paragraph --><!-- wp:paragraph --><\/p>\n<p><strong>Patience :<\/strong> le chemin de la gu\u00e9rison que vous vous accordez avec patience est aussi n\u00e9cessaire que la gu\u00e9rison elle-m\u00eame.<\/p>\n<p><!-- \/wp:paragraph --><\/p><\/div>\n\t\t\t\t<\/div>\n\t\t\t\t<\/div>\n\t\t\t\t\t\t<\/div>\n\t\t\t\t\t<\/div>\n\t\t<\/div>\n\t\t\t\t\t\t\t\t<\/div>\n\t\t\t\t\t<\/div>\n\t\t<\/section>\n\t\t\t\t\t\t<\/div>\n\t\t\t\t\t\t<\/div>\n\t\t\t\t\t<\/div>\n\t\t","protected":false},"excerpt":{"rendered":"<p>Amour, Confiance, Patience Je suis praticienne magn\u00e9tiseuse. Je r\u00e9\u00e9quilibre les \u00e9nergies vitales en r\u00e9alisant des soins \u00e9nerg\u00e9tiques. Je vous propose un accompagnement sur le chemin de la gu\u00e9rison. Confiance : j&rsquo;ai confiance en la vie, j&rsquo;ai confiance en vous, j&rsquo;ai confiance en moi. Cette alchimie est une pure merveille qui invite \u00e0 la gu\u00e9rison et &hellip; <\/p>\n","protected":false},"author":1,"featured_media":273,"parent":0,"menu_order":0,"comment_status":"closed","ping_status":"closed","template":"","meta":[],"yoast_head":"<!-- This site is optimized with the Yoast SEO plugin v15.9 - https:\/\/yoast.com\/wordpress\/plugins\/seo\/ -->\n<title>Mes 3 clefs de gu\u00e9rison - Sabrina Cenergie<\/title>\n<meta name=\"robots\" content=\"index, follow, max-snippet:-1, max-image-preview:large, max-video-preview:-1\" \/>\n<link rel=\"canonical\" href=\"https:\/\/www.sabrinacenergie.com\/index.php\/mes-3-clefs-de-guerison\/\" \/>\n<meta property=\"og:locale\" content=\"fr_FR\" \/>\n<meta property=\"og:type\" content=\"article\" \/>\n<meta property=\"og:title\" content=\"Mes 3 clefs de gu\u00e9rison - Sabrina Cenergie\" \/>\n<meta property=\"og:description\" content=\"Amour, Confiance, Patience Je suis praticienne magn\u00e9tiseuse. Je r\u00e9\u00e9quilibre les \u00e9nergies vitales en r\u00e9alisant des soins \u00e9nerg\u00e9tiques. Je vous propose un accompagnement sur le chemin de la gu\u00e9rison. Confiance : j&rsquo;ai confiance en la vie, j&rsquo;ai confiance en vous, j&rsquo;ai confiance en moi. Cette alchimie est une pure merveille qui invite \u00e0 la gu\u00e9rison et &hellip;\" \/>\n<meta property=\"og:url\" content=\"https:\/\/www.sabrinacenergie.com\/index.php\/mes-3-clefs-de-guerison\/\" \/>\n<meta property=\"og:site_name\" content=\"Sabrina Cenergie\" \/>\n<meta property=\"article:modified_time\" content=\"2021-01-24T16:56:31+00:00\" \/>\n<meta property=\"og:image\" content=\"https:\/\/www.sabrinacenergie.com\/wp-content\/uploads\/2021\/01\/guerison.jpg\" \/>\n\t<meta property=\"og:image:width\" content=\"1747\" \/>\n\t<meta property=\"og:image:height\" content=\"1240\" \/>\n<meta name=\"twitter:card\" content=\"summary_large_image\" \/>\n<meta name=\"twitter:label1\" content=\"Dur\u00e9e de lecture est.\">\n\t<meta name=\"twitter:data1\" content=\"1 minute\">\n<script type=\"application\/ld+json\" class=\"yoast-schema-graph\">{\"@context\":\"https:\/\/schema.org\",\"@graph\":[{\"@type\":\"WebSite\",\"@id\":\"https:\/\/www.sabrinacenergie.com\/#website\",\"url\":\"https:\/\/www.sabrinacenergie.com\/\",\"name\":\"Sabrina Cenergie\",\"description\":\"UNE SYNERGIE AU  SERVICE DE VOTRE SANT\\u00c9\",\"potentialAction\":[{\"@type\":\"SearchAction\",\"target\":\"https:\/\/www.sabrinacenergie.com\/?s={search_term_string}\",\"query-input\":\"required name=search_term_string\"}],\"inLanguage\":\"fr-FR\"},{\"@type\":\"ImageObject\",\"@id\":\"https:\/\/www.sabrinacenergie.com\/index.php\/mes-3-clefs-de-guerison\/#primaryimage\",\"inLanguage\":\"fr-FR\",\"url\":\"https:\/\/www.sabrinacenergie.com\/wp-content\/uploads\/2021\/01\/guerison.jpg\",\"width\":1747,\"height\":1240},{\"@type\":\"WebPage\",\"@id\":\"https:\/\/www.sabrinacenergie.com\/index.php\/mes-3-clefs-de-guerison\/#webpage\",\"url\":\"https:\/\/www.sabrinacenergie.com\/index.php\/mes-3-clefs-de-guerison\/\",\"name\":\"Mes 3 clefs de gu\\u00e9rison - Sabrina Cenergie\",\"isPartOf\":{\"@id\":\"https:\/\/www.sabrinacenergie.com\/#website\"},\"primaryImageOfPage\":{\"@id\":\"https:\/\/www.sabrinacenergie.com\/index.php\/mes-3-clefs-de-guerison\/#primaryimage\"},\"datePublished\":\"2020-12-26T16:30:58+00:00\",\"dateModified\":\"2021-01-24T16:56:31+00:00\",\"breadcrumb\":{\"@id\":\"https:\/\/www.sabrinacenergie.com\/index.php\/mes-3-clefs-de-guerison\/#breadcrumb\"},\"inLanguage\":\"fr-FR\",\"potentialAction\":[{\"@type\":\"ReadAction\",\"target\":[\"https:\/\/www.sabrinacenergie.com\/index.php\/mes-3-clefs-de-guerison\/\"]}]},{\"@type\":\"BreadcrumbList\",\"@id\":\"https:\/\/www.sabrinacenergie.com\/index.php\/mes-3-clefs-de-guerison\/#breadcrumb\",\"itemListElement\":[{\"@type\":\"ListItem\",\"position\":1,\"item\":{\"@type\":\"WebPage\",\"@id\":\"https:\/\/www.sabrinacenergie.com\/\",\"url\":\"https:\/\/www.sabrinacenergie.com\/\",\"name\":\"Accueil\"}},{\"@type\":\"ListItem\",\"position\":2,\"item\":{\"@type\":\"WebPage\",\"@id\":\"https:\/\/www.sabrinacenergie.com\/index.php\/mes-3-clefs-de-guerison\/\",\"url\":\"https:\/\/www.sabrinacenergie.com\/index.php\/mes-3-clefs-de-guerison\/\",\"name\":\"Mes 3 clefs de gu\\u00e9rison\"}}]}]}<\/script>\n<!-- \/ Yoast SEO plugin. -->","_links":{"self":[{"href":"https:\/\/www.sabrinacenergie.com\/index.php\/wp-json\/wp\/v2\/pages\/12"}],"collection":[{"href":"https:\/\/www.sabrinacenergie.com\/index.php\/wp-json\/wp\/v2\/pages"}],"about":[{"href":"https:\/\/www.sabrinacenergie.com\/index.php\/wp-json\/wp\/v2\/types\/page"}],"author":[{"embeddable":true,"href":"https:\/\/www.sabrinacenergie.com\/index.php\/wp-json\/wp\/v2\/users\/1"}],"replies":[{"embeddable":true,"href":"https:\/\/www.sabrinacenergie.com\/index.php\/wp-json\/wp\/v2\/comments?post=12"}],"version-history":[{"count":9,"href":"https:\/\/www.sabrinacenergie.com\/index.php\/wp-json\/wp\/v2\/pages\/12\/revisions"}],"predecessor-version":[{"id":414,"href":"https:\/\/www.sabrinacenergie.com\/index.php\/wp-json\/wp\/v2\/pages\/12\/revisions\/414"}],"wp:featuredmedia":[{"embeddable":true,"href":"https:\/\/www.sabrinacenergie.com\/index.php\/wp-json\/wp\/v2\/media\/273"}],"wp:attachment":[{"href":"https:\/\/www.sabrinacenergie.com\/index.php\/wp-json\/wp\/v2\/media?parent=12"}],"curies":[{"name":"wp","href":"https:\/\/api.w.org\/{rel}","templated":true}]}}