{"id":11,"date":"2020-12-26T17:30:58","date_gmt":"2020-12-26T16:30:58","guid":{"rendered":"http:\/\/www.sabrinacenergie.com\/?page_id=11"},"modified":"2025-12-30T17:18:07","modified_gmt":"2025-12-30T16:18:07","slug":"je-partage","status":"publish","type":"page","link":"https:\/\/www.sabrinacenergie.com\/index.php\/je-partage\/","title":{"rendered":"Je partage mon histoire : ma fille est sourde"},"content":{"rendered":"\t\t<div data-elementor-type=\"wp-page\" data-elementor-id=\"11\" class=\"elementor elementor-11\" data-elementor-settings=\"[]\">\n\t\t\t\t\t\t<div class=\"elementor-inner\">\n\t\t\t\t\t\t\t<div class=\"elementor-section-wrap\">\n\t\t\t\t\t\t\t<section class=\"elementor-section elementor-top-section elementor-element elementor-element-4328c09b elementor-section-boxed elementor-section-height-default elementor-section-height-default\" data-id=\"4328c09b\" data-element_type=\"section\">\n\t\t\t\t\t\t<div class=\"elementor-container elementor-column-gap-default\">\n\t\t\t\t\t\t\t<div class=\"elementor-row\">\n\t\t\t\t\t<div class=\"elementor-column elementor-col-100 elementor-top-column elementor-element elementor-element-3fcfcf20\" data-id=\"3fcfcf20\" data-element_type=\"column\">\n\t\t\t<div class=\"elementor-column-wrap elementor-element-populated\">\n\t\t\t\t\t\t\t<div class=\"elementor-widget-wrap\">\n\t\t\t\t\t\t<div class=\"elementor-element elementor-element-3aa18a95 elementor-widget elementor-widget-text-editor\" data-id=\"3aa18a95\" data-element_type=\"widget\" data-widget_type=\"text-editor.default\">\n\t\t\t\t<div class=\"elementor-widget-container\">\n\t\t\t\t\t<div class=\"elementor-text-editor elementor-clearfix\"><p><!-- wp:paragraph --><\/p>\n<p><strong>L&rsquo;histoire de ma fille<\/strong><\/p>\n<p><!-- \/wp:paragraph --><\/p>\n<p><!-- wp:paragraph --><\/p>\n<p>Quand je d\u00e9couvre que ma fille \u00e2g\u00e9e alors de 10 ans est sourde de l&rsquo;oreille droite, c&rsquo;est le choc. Elle avait r\u00e9ussi \u00e0 compenser sa d\u00e9ficience avec l&rsquo;oreille gauche.<\/p>\n<p><!-- \/wp:paragraph --><\/p>\n<p><!-- wp:paragraph --><\/p>\n<p>Elle passe les examens li\u00e9s au protocole de sa pathologie. C&rsquo;est alors que le m\u00e9decin nous annonce que sa surdit\u00e9 est incompr\u00e9hensible, que les examens ne pr\u00e9sentent aucune anomalie et qu&rsquo;elle devrait entendre.<\/p>\n<p><!-- \/wp:paragraph --><\/p>\n<p><!-- wp:paragraph --><\/p>\n<p>Elle porte ensuite une proth\u00e8se auditive.<\/p>\n<p><!-- \/wp:paragraph --><\/p>\n<p><!-- wp:paragraph --><\/p>\n<p>Peu de temps apr\u00e8s, je d\u00e9veloppe mes facult\u00e9s en soins \u00e9nerg\u00e9tiques, et gr\u00e2ce aux soins que  je lui prodigue, ma fille commence de nouveau \u00e0 entendre et tr\u00e8s vite, de mieux en mieux.<\/p>\n<p><!-- \/wp:paragraph --><\/p>\n<p><!-- wp:paragraph --><\/p>\n<p>La d\u00e9tection de l&rsquo;origine \u00e9motionnelle, le dialogue, la foi, l&rsquo;amour et la volont\u00e9 de gu\u00e9rir ont \u00e9t\u00e9 les ingr\u00e9dients pour sa gu\u00e9rison<\/p><p><strong>L&rsquo;histoire de ma fille, 16 ans<\/strong><\/p><p>A 16 ans maintenant, elle est toujours sourde de l&rsquo;oreille droite malgr\u00e9 l&rsquo;am\u00e9lioration survenue.&nbsp;<\/p><p>Elle a d\u00e9cid\u00e9, inconsciemment, de maintenir son \u00e9tat de surdit\u00e9.<\/p><p>Malgr\u00e9 toute ma volont\u00e9, tout mon amour, ma foi et le dialogue, elle a son cheminement \u00e0 r\u00e9aliser et qu&rsquo;elle choisit de ne pas r\u00e9aliser pour le moment. C&rsquo;est avec beaucoup de frustration que je l&rsquo;\u00e9cris et pourtant &#8230;c&rsquo;est son chemin.&nbsp;<\/p><p>Elle a un travail \u00e0 faire que je ne peux pas faire \u00e0 sa place.<\/p><p>Chacun d&rsquo;entre nous porte la responsabilit\u00e9 de sa propre vie et de sa propre \u00e9volution.&nbsp;<\/p><p><br><\/p>\n<p><!-- \/wp:paragraph --><\/p><\/div>\n\t\t\t\t<\/div>\n\t\t\t\t<\/div>\n\t\t\t\t\t\t<\/div>\n\t\t\t\t\t<\/div>\n\t\t<\/div>\n\t\t\t\t\t\t\t\t<\/div>\n\t\t\t\t\t<\/div>\n\t\t<\/section>\n\t\t\t\t\t\t<\/div>\n\t\t\t\t\t\t<\/div>\n\t\t\t\t\t<\/div>\n\t\t","protected":false},"excerpt":{"rendered":"<p>L&rsquo;histoire de ma fille Quand je d\u00e9couvre que ma fille \u00e2g\u00e9e alors de 10 ans est sourde de l&rsquo;oreille droite, c&rsquo;est le choc. Elle avait r\u00e9ussi \u00e0 compenser sa d\u00e9ficience avec l&rsquo;oreille gauche. Elle passe les examens li\u00e9s au protocole de sa pathologie. C&rsquo;est alors que le m\u00e9decin nous annonce que sa surdit\u00e9 est incompr\u00e9hensible, &hellip; <\/p>\n","protected":false},"author":1,"featured_media":0,"parent":0,"menu_order":0,"comment_status":"closed","ping_status":"closed","template":"","meta":[],"yoast_head":"<!-- This site is optimized with the Yoast SEO plugin v15.9 - https:\/\/yoast.com\/wordpress\/plugins\/seo\/ -->\n<title>Je partage mon histoire : ma fille est sourde - Sabrina Cenergie<\/title>\n<meta name=\"robots\" content=\"index, follow, max-snippet:-1, max-image-preview:large, max-video-preview:-1\" \/>\n<link rel=\"canonical\" href=\"https:\/\/www.sabrinacenergie.com\/index.php\/je-partage\/\" \/>\n<meta property=\"og:locale\" content=\"fr_FR\" \/>\n<meta property=\"og:type\" content=\"article\" \/>\n<meta property=\"og:title\" content=\"Je partage mon histoire : ma fille est sourde - Sabrina Cenergie\" \/>\n<meta property=\"og:description\" content=\"L&rsquo;histoire de ma fille Quand je d\u00e9couvre que ma fille \u00e2g\u00e9e alors de 10 ans est sourde de l&rsquo;oreille droite, c&rsquo;est le choc. Elle avait r\u00e9ussi \u00e0 compenser sa d\u00e9ficience avec l&rsquo;oreille gauche. Elle passe les examens li\u00e9s au protocole de sa pathologie. C&rsquo;est alors que le m\u00e9decin nous annonce que sa surdit\u00e9 est incompr\u00e9hensible, &hellip;\" \/>\n<meta property=\"og:url\" content=\"https:\/\/www.sabrinacenergie.com\/index.php\/je-partage\/\" \/>\n<meta property=\"og:site_name\" content=\"Sabrina Cenergie\" \/>\n<meta property=\"article:modified_time\" content=\"2025-12-30T16:18:07+00:00\" \/>\n<meta name=\"twitter:card\" content=\"summary_large_image\" \/>\n<meta name=\"twitter:label1\" content=\"Dur\u00e9e de lecture est.\">\n\t<meta name=\"twitter:data1\" content=\"1 minute\">\n<script type=\"application\/ld+json\" class=\"yoast-schema-graph\">{\"@context\":\"https:\/\/schema.org\",\"@graph\":[{\"@type\":\"WebSite\",\"@id\":\"https:\/\/www.sabrinacenergie.com\/#website\",\"url\":\"https:\/\/www.sabrinacenergie.com\/\",\"name\":\"Sabrina Cenergie\",\"description\":\"UNE SYNERGIE AU  SERVICE DE VOTRE SANT\\u00c9\",\"potentialAction\":[{\"@type\":\"SearchAction\",\"target\":\"https:\/\/www.sabrinacenergie.com\/?s={search_term_string}\",\"query-input\":\"required name=search_term_string\"}],\"inLanguage\":\"fr-FR\"},{\"@type\":\"WebPage\",\"@id\":\"https:\/\/www.sabrinacenergie.com\/index.php\/je-partage\/#webpage\",\"url\":\"https:\/\/www.sabrinacenergie.com\/index.php\/je-partage\/\",\"name\":\"Je partage mon histoire : ma fille est sourde - Sabrina Cenergie\",\"isPartOf\":{\"@id\":\"https:\/\/www.sabrinacenergie.com\/#website\"},\"datePublished\":\"2020-12-26T16:30:58+00:00\",\"dateModified\":\"2025-12-30T16:18:07+00:00\",\"breadcrumb\":{\"@id\":\"https:\/\/www.sabrinacenergie.com\/index.php\/je-partage\/#breadcrumb\"},\"inLanguage\":\"fr-FR\",\"potentialAction\":[{\"@type\":\"ReadAction\",\"target\":[\"https:\/\/www.sabrinacenergie.com\/index.php\/je-partage\/\"]}]},{\"@type\":\"BreadcrumbList\",\"@id\":\"https:\/\/www.sabrinacenergie.com\/index.php\/je-partage\/#breadcrumb\",\"itemListElement\":[{\"@type\":\"ListItem\",\"position\":1,\"item\":{\"@type\":\"WebPage\",\"@id\":\"https:\/\/www.sabrinacenergie.com\/\",\"url\":\"https:\/\/www.sabrinacenergie.com\/\",\"name\":\"Accueil\"}},{\"@type\":\"ListItem\",\"position\":2,\"item\":{\"@type\":\"WebPage\",\"@id\":\"https:\/\/www.sabrinacenergie.com\/index.php\/je-partage\/\",\"url\":\"https:\/\/www.sabrinacenergie.com\/index.php\/je-partage\/\",\"name\":\"Je partage mon histoire : ma fille est sourde\"}}]}]}<\/script>\n<!-- \/ Yoast SEO plugin. -->","_links":{"self":[{"href":"https:\/\/www.sabrinacenergie.com\/index.php\/wp-json\/wp\/v2\/pages\/11"}],"collection":[{"href":"https:\/\/www.sabrinacenergie.com\/index.php\/wp-json\/wp\/v2\/pages"}],"about":[{"href":"https:\/\/www.sabrinacenergie.com\/index.php\/wp-json\/wp\/v2\/types\/page"}],"author":[{"embeddable":true,"href":"https:\/\/www.sabrinacenergie.com\/index.php\/wp-json\/wp\/v2\/users\/1"}],"replies":[{"embeddable":true,"href":"https:\/\/www.sabrinacenergie.com\/index.php\/wp-json\/wp\/v2\/comments?post=11"}],"version-history":[{"count":11,"href":"https:\/\/www.sabrinacenergie.com\/index.php\/wp-json\/wp\/v2\/pages\/11\/revisions"}],"predecessor-version":[{"id":650,"href":"https:\/\/www.sabrinacenergie.com\/index.php\/wp-json\/wp\/v2\/pages\/11\/revisions\/650"}],"wp:attachment":[{"href":"https:\/\/www.sabrinacenergie.com\/index.php\/wp-json\/wp\/v2\/media?parent=11"}],"curies":[{"name":"wp","href":"https:\/\/api.w.org\/{rel}","templated":true}]}}