{"id":10,"date":"2020-12-26T17:30:58","date_gmt":"2020-12-26T16:30:58","guid":{"rendered":"http:\/\/www.sabrinacenergie.com\/?page_id=10"},"modified":"2021-01-21T14:56:31","modified_gmt":"2021-01-21T13:56:31","slug":"jexplique","status":"publish","type":"page","link":"https:\/\/www.sabrinacenergie.com\/index.php\/jexplique\/","title":{"rendered":"J&rsquo;explique"},"content":{"rendered":"\n<p><em>L&rsquo;\u00e9coute de soi, l&rsquo;\u00e9coute de son coeur et de son corps<\/em><\/p>\n\n\n\n<div class=\"wp-block-image\"><figure class=\"aligncenter size-large\"><img decoding=\"async\" loading=\"lazy\" width=\"696\" height=\"480\" src=\"http:\/\/www.sabrinacenergie.com\/wp-content\/uploads\/2021\/01\/meditation-1384758__480.jpg\" alt=\"\" class=\"wp-image-209\" srcset=\"https:\/\/www.sabrinacenergie.com\/wp-content\/uploads\/2021\/01\/meditation-1384758__480.jpg 696w, https:\/\/www.sabrinacenergie.com\/wp-content\/uploads\/2021\/01\/meditation-1384758__480-300x207.jpg 300w, https:\/\/www.sabrinacenergie.com\/wp-content\/uploads\/2021\/01\/meditation-1384758__480-87x60.jpg 87w\" sizes=\"(max-width: 696px) 100vw, 696px\" \/><\/figure><\/div>\n\n\n\n<p>Notre corps est sollicit\u00e9 chaque jour physiquement et mentalement.<\/p>\n\n\n\n<p>Notre corps perd alors de son \u00e9nergie.<\/p>\n\n\n\n<p>C&rsquo;est ainsi que les d\u00e9s\u00e9quilibres physiques et \u00e9nerg\u00e9tiques s&rsquo;installent.<\/p>\n\n\n\n<p>Notre corps d\u00e9s\u00e9quilibr\u00e9 s&rsquo;exprime \u00e0 travers divers maux : mal de dos, probl\u00e8mes articulaires, r\u00e9actions cutan\u00e9es, graves maladies etc..<\/p>\n\n\n\n<p>Ces d\u00e9s\u00e9quilibres \u00e9nerg\u00e9tiques sont parfois li\u00e9s \u00e0 des \u00e9motions refoul\u00e9es comme la col\u00e8re, la tristesse, la peur.<\/p>\n\n\n\n<p>Ces \u00e9motions demandent \u00e0 circuler librement dans notre corps.<\/p>\n\n\n\n<p>Accueillons nos \u00e9motions et permettons \u00e0 notre corps de se lib\u00e9rer de tout stress.<\/p>\n\n\n\n<p>Vous pouvez retrouver votre \u00e9quilibre \u00e9nerg\u00e9tique et prendre le chemin de la gu\u00e9rison.<\/p>\n","protected":false},"excerpt":{"rendered":"<p>L&rsquo;\u00e9coute de soi, l&rsquo;\u00e9coute de son coeur et de son corps Notre corps est sollicit\u00e9 chaque jour physiquement et mentalement. Notre corps perd alors de son \u00e9nergie. C&rsquo;est ainsi que les d\u00e9s\u00e9quilibres physiques et \u00e9nerg\u00e9tiques s&rsquo;installent. Notre corps d\u00e9s\u00e9quilibr\u00e9 s&rsquo;exprime \u00e0 travers divers maux : mal de dos, probl\u00e8mes articulaires, r\u00e9actions cutan\u00e9es, graves maladies etc.. &hellip; <\/p>\n","protected":false},"author":1,"featured_media":0,"parent":0,"menu_order":0,"comment_status":"closed","ping_status":"closed","template":"","meta":[],"yoast_head":"<!-- This site is optimized with the Yoast SEO plugin v15.9 - https:\/\/yoast.com\/wordpress\/plugins\/seo\/ -->\n<title>J&#039;explique - Sabrina Cenergie<\/title>\n<meta name=\"robots\" content=\"index, follow, max-snippet:-1, max-image-preview:large, max-video-preview:-1\" \/>\n<link rel=\"canonical\" href=\"https:\/\/www.sabrinacenergie.com\/index.php\/jexplique\/\" \/>\n<meta property=\"og:locale\" content=\"fr_FR\" \/>\n<meta property=\"og:type\" content=\"article\" \/>\n<meta property=\"og:title\" content=\"J&#039;explique - Sabrina Cenergie\" \/>\n<meta property=\"og:description\" content=\"L&rsquo;\u00e9coute de soi, l&rsquo;\u00e9coute de son coeur et de son corps Notre corps est sollicit\u00e9 chaque jour physiquement et mentalement. Notre corps perd alors de son \u00e9nergie. C&rsquo;est ainsi que les d\u00e9s\u00e9quilibres physiques et \u00e9nerg\u00e9tiques s&rsquo;installent. Notre corps d\u00e9s\u00e9quilibr\u00e9 s&rsquo;exprime \u00e0 travers divers maux : mal de dos, probl\u00e8mes articulaires, r\u00e9actions cutan\u00e9es, graves maladies etc.. &hellip;\" \/>\n<meta property=\"og:url\" content=\"https:\/\/www.sabrinacenergie.com\/index.php\/jexplique\/\" \/>\n<meta property=\"og:site_name\" content=\"Sabrina Cenergie\" \/>\n<meta property=\"article:modified_time\" content=\"2021-01-21T13:56:31+00:00\" \/>\n<meta property=\"og:image\" content=\"http:\/\/www.sabrinacenergie.com\/wp-content\/uploads\/2021\/01\/meditation-1384758__480.jpg\" \/>\n<meta name=\"twitter:card\" content=\"summary_large_image\" \/>\n<meta name=\"twitter:label1\" content=\"Dur\u00e9e de lecture est.\">\n\t<meta name=\"twitter:data1\" content=\"1 minute\">\n<script type=\"application\/ld+json\" class=\"yoast-schema-graph\">{\"@context\":\"https:\/\/schema.org\",\"@graph\":[{\"@type\":\"WebSite\",\"@id\":\"https:\/\/www.sabrinacenergie.com\/#website\",\"url\":\"https:\/\/www.sabrinacenergie.com\/\",\"name\":\"Sabrina Cenergie\",\"description\":\"UNE SYNERGIE AU  SERVICE DE VOTRE SANT\\u00c9\",\"potentialAction\":[{\"@type\":\"SearchAction\",\"target\":\"https:\/\/www.sabrinacenergie.com\/?s={search_term_string}\",\"query-input\":\"required name=search_term_string\"}],\"inLanguage\":\"fr-FR\"},{\"@type\":\"ImageObject\",\"@id\":\"https:\/\/www.sabrinacenergie.com\/index.php\/jexplique\/#primaryimage\",\"inLanguage\":\"fr-FR\",\"url\":\"http:\/\/www.sabrinacenergie.com\/wp-content\/uploads\/2021\/01\/meditation-1384758__480.jpg\"},{\"@type\":\"WebPage\",\"@id\":\"https:\/\/www.sabrinacenergie.com\/index.php\/jexplique\/#webpage\",\"url\":\"https:\/\/www.sabrinacenergie.com\/index.php\/jexplique\/\",\"name\":\"J'explique - Sabrina Cenergie\",\"isPartOf\":{\"@id\":\"https:\/\/www.sabrinacenergie.com\/#website\"},\"primaryImageOfPage\":{\"@id\":\"https:\/\/www.sabrinacenergie.com\/index.php\/jexplique\/#primaryimage\"},\"datePublished\":\"2020-12-26T16:30:58+00:00\",\"dateModified\":\"2021-01-21T13:56:31+00:00\",\"breadcrumb\":{\"@id\":\"https:\/\/www.sabrinacenergie.com\/index.php\/jexplique\/#breadcrumb\"},\"inLanguage\":\"fr-FR\",\"potentialAction\":[{\"@type\":\"ReadAction\",\"target\":[\"https:\/\/www.sabrinacenergie.com\/index.php\/jexplique\/\"]}]},{\"@type\":\"BreadcrumbList\",\"@id\":\"https:\/\/www.sabrinacenergie.com\/index.php\/jexplique\/#breadcrumb\",\"itemListElement\":[{\"@type\":\"ListItem\",\"position\":1,\"item\":{\"@type\":\"WebPage\",\"@id\":\"https:\/\/www.sabrinacenergie.com\/\",\"url\":\"https:\/\/www.sabrinacenergie.com\/\",\"name\":\"Accueil\"}},{\"@type\":\"ListItem\",\"position\":2,\"item\":{\"@type\":\"WebPage\",\"@id\":\"https:\/\/www.sabrinacenergie.com\/index.php\/jexplique\/\",\"url\":\"https:\/\/www.sabrinacenergie.com\/index.php\/jexplique\/\",\"name\":\"J&rsquo;explique\"}}]}]}<\/script>\n<!-- \/ Yoast SEO plugin. -->","_links":{"self":[{"href":"https:\/\/www.sabrinacenergie.com\/index.php\/wp-json\/wp\/v2\/pages\/10"}],"collection":[{"href":"https:\/\/www.sabrinacenergie.com\/index.php\/wp-json\/wp\/v2\/pages"}],"about":[{"href":"https:\/\/www.sabrinacenergie.com\/index.php\/wp-json\/wp\/v2\/types\/page"}],"author":[{"embeddable":true,"href":"https:\/\/www.sabrinacenergie.com\/index.php\/wp-json\/wp\/v2\/users\/1"}],"replies":[{"embeddable":true,"href":"https:\/\/www.sabrinacenergie.com\/index.php\/wp-json\/wp\/v2\/comments?post=10"}],"version-history":[{"count":4,"href":"https:\/\/www.sabrinacenergie.com\/index.php\/wp-json\/wp\/v2\/pages\/10\/revisions"}],"predecessor-version":[{"id":210,"href":"https:\/\/www.sabrinacenergie.com\/index.php\/wp-json\/wp\/v2\/pages\/10\/revisions\/210"}],"wp:attachment":[{"href":"https:\/\/www.sabrinacenergie.com\/index.php\/wp-json\/wp\/v2\/media?parent=10"}],"curies":[{"name":"wp","href":"https:\/\/api.w.org\/{rel}","templated":true}]}}